{"id":86096,"date":"2025-11-27T17:02:15","date_gmt":"2025-11-27T16:02:15","guid":{"rendered":"https:\/\/linandelle.com\/fr\/?post_type=product&#038;p=86096"},"modified":"2026-04-24T18:55:27","modified_gmt":"2026-04-24T16:55:27","slug":"parure-housse-de-couette-100-lin-prestige","status":"publish","type":"product","link":"https:\/\/linandelle.com\/fr\/produit\/parure-housse-de-couette-100-lin-prestige\/","title":{"rendered":"Parure housse de couette 100% lin PRESTIGE"},"content":{"rendered":"<h2 style=\"text-align: center;\">Parure housse de couette + 2 taies 65x65cm pur lin 160gr m\u00b2 PRESTIGE<\/h2>\n<p>Offrez \u00e0 votre chambre une touche d\u2019\u00e9l\u00e9gance pure avec la parure de housse de couette con\u00e7ue pour sublimer vos nuits. Confectionn\u00e9e en lin 100% naturel, cette parure se distingue par sa qualit\u00e9 exceptionnelle, son toucher authentique et son charme intemporel.<\/p>\n<p>Le lin est r\u00e9put\u00e9 pour sa respirabilit\u00e9, sa durabilit\u00e9 incomparable et sa capacit\u00e9 \u00e0 s\u2019adoucir au fil des lavages. Cette parure vous garantit un confort absolu, \u00e9t\u00e9 comme hiver, tout en apportant une allure raffin\u00e9e \u00e0 votre int\u00e9rieur.<\/p>\n<p>Avec ses finitions soign\u00e9es et son tomb\u00e9 naturellement chic, la parure Prestige incarne le mariage parfait entre luxe et \u00e9l\u00e9gance naturelle. Id\u00e9ale pour ceux qui recherchent un linge de lit haut de gamme, esth\u00e9tique et con\u00e7u pour durer.<\/p>\n<h3>Caract\u00e9ristiques de la Parure de lit PRESTIGE<\/h3>\n<ul>\n<li>Housse de couette + 2 taies carr\u00e9es<\/li>\n<li>100% lin 160gr m\u00b2<\/li>\n<li>Fermeture bouteille<\/li>\n<li>Fabriqu\u00e9e au Portugal<\/li>\n<li>Plusieurs coloris disponibles<\/li>\n<li>Lavage en machine \u00e0 40\u00b0<\/li>\n<li>Norme Oeko-Tex<\/li>\n<\/ul>\n<p>\u2022 Ce produit lab\u00e9llis\u00e9 STANDARD 100 by OEKO-TEX\u00ae &#8211; certificat n\u00b0 CQ 1102\/4 IFTH suit un processus de fabrication certifi\u00e9 et contr\u00f4l\u00e9, respectueux de votre peau.<br \/>\n\u2022 Le STANDARD 100 by OEKO-TEX\u00ae est le premier label qui r\u00e9pond aux besoins des consommateurs en mati\u00e8re d\u2019\u00e9cologie humaine. Il garantit l\u2019absence, dans les articles certifi\u00e9s de substances nocives ou pouvant pr\u00e9senter un risque pour la sant<\/p>\n<p><strong>Conseil d&rsquo;entretien :<\/strong>\u00a0 Il est conseill\u00e9 de laisser tremper la parure quelques heures avant un premier lavage \u00e0 froid ou \u00e0 tr\u00e8s faible temp\u00e9rature,\u00a0 afin de pr\u00e9server et prot\u00e9ger les fibres naturelles du lin.<\/p>\n","protected":false},"excerpt":{"rendered":"<p>Parure de lit 100% lin compos\u00e9e d&rsquo;une housse de couette + 2 taies carr\u00e9es 65&#215;65 cm, disponible en plusieurs coloris, livraison rapide 24\/48h. Fabriqu\u00e9e au Portugal.<\/p>\n","protected":false},"featured_media":86107,"template":"","meta":{"_et_pb_use_builder":"","_et_pb_old_content":"","_et_gb_content_width":""},"product_brand":[],"product_cat":[185,167],"product_tag":[],"woo-feed-brand":[],"class_list":{"0":"post-86096","1":"product","2":"type-product","3":"status-publish","4":"has-post-thumbnail","6":"product_cat-housses-de-couettes-unies","7":"product_cat-parures-de-lit","8":"tm-no-options","10":"first","11":"instock","12":"sale","13":"taxable","14":"shipping-taxable","15":"purchasable","16":"product-type-variable"},"yoast_head":"<!-- This site is optimized with the Yoast SEO Premium plugin v27.5 (Yoast SEO v27.5) - https:\/\/yoast.com\/product\/yoast-seo-premium-wordpress\/ -->\n<title>Parure housse de couette et taies 100% lin PRESTIGE<\/title>\n<meta name=\"description\" content=\"Choisissez une belle parure en lin v\u00e9ritable, douce et \u00e9l\u00e9gante, authentique et raffin\u00e9e, la parure PRESTIGE est disponible en plusieurs tailles et coloris.\" \/>\n<meta name=\"robots\" content=\"index, follow, max-snippet:-1, max-image-preview:large, max-video-preview:-1\" \/>\n<link rel=\"canonical\" href=\"https:\/\/linandelle.com\/fr\/produit\/parure-housse-de-couette-100-lin-prestige\/\" \/>\n<meta property=\"og:locale\" content=\"fr_FR\" \/>\n<meta property=\"og:type\" content=\"article\" \/>\n<meta property=\"og:title\" content=\"Parure housse de couette et taies 100% lin PRESTIGE\" \/>\n<meta property=\"og:description\" content=\"Choisissez une belle parure en lin v\u00e9ritable, douce et \u00e9l\u00e9gante, authentique et raffin\u00e9e, la parure PRESTIGE est disponible en plusieurs tailles et coloris.\" \/>\n<meta property=\"og:url\" content=\"https:\/\/linandelle.com\/fr\/produit\/parure-housse-de-couette-100-lin-prestige\/\" \/>\n<meta property=\"og:site_name\" content=\"Linandelle\" \/>\n<meta property=\"article:publisher\" content=\"https:\/\/www.facebook.com\/Linandelle\" \/>\n<meta property=\"article:modified_time\" content=\"2026-04-24T16:55:27+00:00\" \/>\n<meta property=\"og:image\" content=\"https:\/\/linandelle.com\/wp-content\/uploads\/2025\/11\/prestige-carre-ambiance-carre-v1.jpg\" \/>\n\t<meta property=\"og:image:width\" content=\"1200\" \/>\n\t<meta property=\"og:image:height\" content=\"1200\" \/>\n\t<meta property=\"og:image:type\" content=\"image\/jpeg\" \/>\n<meta name=\"twitter:card\" content=\"summary_large_image\" \/>\n<meta name=\"twitter:label1\" content=\"Dur\u00e9e de lecture estim\u00e9e\" \/>\n\t<meta name=\"twitter:data1\" content=\"2 minutes\" \/>\n<script type=\"application\/ld+json\" class=\"yoast-schema-graph\">{\"@context\":\"https:\\\/\\\/schema.org\",\"@graph\":[{\"@type\":\"WebPage\",\"@id\":\"https:\\\/\\\/linandelle.com\\\/fr\\\/produit\\\/parure-housse-de-couette-100-lin-prestige\\\/\",\"url\":\"https:\\\/\\\/linandelle.com\\\/fr\\\/produit\\\/parure-housse-de-couette-100-lin-prestige\\\/\",\"name\":\"Parure housse de couette et taies 100% lin PRESTIGE\",\"isPartOf\":{\"@id\":\"https:\\\/\\\/linandelle.com\\\/fr\\\/#website\"},\"primaryImageOfPage\":{\"@id\":\"https:\\\/\\\/linandelle.com\\\/fr\\\/produit\\\/parure-housse-de-couette-100-lin-prestige\\\/#primaryimage\"},\"image\":{\"@id\":\"https:\\\/\\\/linandelle.com\\\/fr\\\/produit\\\/parure-housse-de-couette-100-lin-prestige\\\/#primaryimage\"},\"thumbnailUrl\":\"https:\\\/\\\/linandelle.com\\\/wp-content\\\/uploads\\\/2025\\\/11\\\/prestige-carre-ambiance-carre-v1.jpg\",\"datePublished\":\"2025-11-27T16:02:15+00:00\",\"dateModified\":\"2026-04-24T16:55:27+00:00\",\"description\":\"Choisissez une belle parure en lin v\u00e9ritable, douce et \u00e9l\u00e9gante, authentique et raffin\u00e9e, la parure PRESTIGE est disponible en plusieurs tailles et coloris.\",\"breadcrumb\":{\"@id\":\"https:\\\/\\\/linandelle.com\\\/fr\\\/produit\\\/parure-housse-de-couette-100-lin-prestige\\\/#breadcrumb\"},\"inLanguage\":\"fr-FR\",\"potentialAction\":[{\"@type\":\"ReadAction\",\"target\":[\"https:\\\/\\\/linandelle.com\\\/fr\\\/produit\\\/parure-housse-de-couette-100-lin-prestige\\\/\"]}]},{\"@type\":\"ImageObject\",\"inLanguage\":\"fr-FR\",\"@id\":\"https:\\\/\\\/linandelle.com\\\/fr\\\/produit\\\/parure-housse-de-couette-100-lin-prestige\\\/#primaryimage\",\"url\":\"https:\\\/\\\/linandelle.com\\\/wp-content\\\/uploads\\\/2025\\\/11\\\/prestige-carre-ambiance-carre-v1.jpg\",\"contentUrl\":\"https:\\\/\\\/linandelle.com\\\/wp-content\\\/uploads\\\/2025\\\/11\\\/prestige-carre-ambiance-carre-v1.jpg\",\"width\":1200,\"height\":1200},{\"@type\":\"BreadcrumbList\",\"@id\":\"https:\\\/\\\/linandelle.com\\\/fr\\\/produit\\\/parure-housse-de-couette-100-lin-prestige\\\/#breadcrumb\",\"itemListElement\":[{\"@type\":\"ListItem\",\"position\":1,\"name\":\"Produits\",\"item\":\"https:\\\/\\\/linandelle.com\\\/fr\\\/shop\\\/\"},{\"@type\":\"ListItem\",\"position\":2,\"name\":\"Parure housse de couette 100% lin PRESTIGE\"}]},{\"@type\":\"WebSite\",\"@id\":\"https:\\\/\\\/linandelle.com\\\/fr\\\/#website\",\"url\":\"https:\\\/\\\/linandelle.com\\\/fr\\\/\",\"name\":\"Linandelle\",\"description\":\"Linandelle, plus que du linge, l&#039;essentiel\",\"publisher\":{\"@id\":\"https:\\\/\\\/linandelle.com\\\/fr\\\/#organization\"},\"potentialAction\":[{\"@type\":\"SearchAction\",\"target\":{\"@type\":\"EntryPoint\",\"urlTemplate\":\"https:\\\/\\\/linandelle.com\\\/fr\\\/?s={search_term_string}\"},\"query-input\":{\"@type\":\"PropertyValueSpecification\",\"valueRequired\":true,\"valueName\":\"search_term_string\"}}],\"inLanguage\":\"fr-FR\"},{\"@type\":\"Organization\",\"@id\":\"https:\\\/\\\/linandelle.com\\\/fr\\\/#organization\",\"name\":\"Linandelle\",\"url\":\"https:\\\/\\\/linandelle.com\\\/fr\\\/\",\"logo\":{\"@type\":\"ImageObject\",\"inLanguage\":\"fr-FR\",\"@id\":\"https:\\\/\\\/linandelle.com\\\/fr\\\/#\\\/schema\\\/logo\\\/image\\\/\",\"url\":\"https:\\\/\\\/linandelle.com\\\/wp-content\\\/uploads\\\/2022\\\/03\\\/logo-linandelle.jpg\",\"contentUrl\":\"https:\\\/\\\/linandelle.com\\\/wp-content\\\/uploads\\\/2022\\\/03\\\/logo-linandelle.jpg\",\"width\":739,\"height\":738,\"caption\":\"Linandelle\"},\"image\":{\"@id\":\"https:\\\/\\\/linandelle.com\\\/fr\\\/#\\\/schema\\\/logo\\\/image\\\/\"},\"sameAs\":[\"https:\\\/\\\/www.facebook.com\\\/Linandelle\",\"https:\\\/\\\/www.instagram.com\\\/linandelle\\\/\",\"https:\\\/\\\/www.linkedin.com\\\/company\\\/18483801\\\/admin\\\/dashboard\\\/\",\"https:\\\/\\\/www.pinterest.fr\\\/linandelle\\\/_created\\\/\",\"https:\\\/\\\/www.youtube.com\\\/@linandellecharleval1016\"],\"email\":\"contact@linandelle.com\",\"telephone\":\"0232687800\",\"legalName\":\"SARL DU PONT DES JARDINS\",\"vatID\":\"FR27448856641\",\"taxID\":\"44885664100015\",\"numberOfEmployees\":{\"@type\":\"QuantitativeValue\",\"minValue\":\"1\",\"maxValue\":\"10\"}}]}<\/script>\n<!-- \/ Yoast SEO Premium plugin. -->","yoast_head_json":{"title":"Parure housse de couette et taies 100% lin PRESTIGE","description":"Choisissez une belle parure en lin v\u00e9ritable, douce et \u00e9l\u00e9gante, authentique et raffin\u00e9e, la parure PRESTIGE est disponible en plusieurs tailles et coloris.","robots":{"index":"index","follow":"follow","max-snippet":"max-snippet:-1","max-image-preview":"max-image-preview:large","max-video-preview":"max-video-preview:-1"},"canonical":"https:\/\/linandelle.com\/fr\/produit\/parure-housse-de-couette-100-lin-prestige\/","og_locale":"fr_FR","og_type":"article","og_title":"Parure housse de couette et taies 100% lin PRESTIGE","og_description":"Choisissez une belle parure en lin v\u00e9ritable, douce et \u00e9l\u00e9gante, authentique et raffin\u00e9e, la parure PRESTIGE est disponible en plusieurs tailles et coloris.","og_url":"https:\/\/linandelle.com\/fr\/produit\/parure-housse-de-couette-100-lin-prestige\/","og_site_name":"Linandelle","article_publisher":"https:\/\/www.facebook.com\/Linandelle","article_modified_time":"2026-04-24T16:55:27+00:00","og_image":[{"width":1200,"height":1200,"url":"https:\/\/linandelle.com\/wp-content\/uploads\/2025\/11\/prestige-carre-ambiance-carre-v1.jpg","type":"image\/jpeg"}],"twitter_card":"summary_large_image","twitter_misc":{"Dur\u00e9e de lecture estim\u00e9e":"2 minutes"},"schema":{"@context":"https:\/\/schema.org","@graph":[{"@type":"WebPage","@id":"https:\/\/linandelle.com\/fr\/produit\/parure-housse-de-couette-100-lin-prestige\/","url":"https:\/\/linandelle.com\/fr\/produit\/parure-housse-de-couette-100-lin-prestige\/","name":"Parure housse de couette et taies 100% lin PRESTIGE","isPartOf":{"@id":"https:\/\/linandelle.com\/fr\/#website"},"primaryImageOfPage":{"@id":"https:\/\/linandelle.com\/fr\/produit\/parure-housse-de-couette-100-lin-prestige\/#primaryimage"},"image":{"@id":"https:\/\/linandelle.com\/fr\/produit\/parure-housse-de-couette-100-lin-prestige\/#primaryimage"},"thumbnailUrl":"https:\/\/linandelle.com\/wp-content\/uploads\/2025\/11\/prestige-carre-ambiance-carre-v1.jpg","datePublished":"2025-11-27T16:02:15+00:00","dateModified":"2026-04-24T16:55:27+00:00","description":"Choisissez une belle parure en lin v\u00e9ritable, douce et \u00e9l\u00e9gante, authentique et raffin\u00e9e, la parure PRESTIGE est disponible en plusieurs tailles et coloris.","breadcrumb":{"@id":"https:\/\/linandelle.com\/fr\/produit\/parure-housse-de-couette-100-lin-prestige\/#breadcrumb"},"inLanguage":"fr-FR","potentialAction":[{"@type":"ReadAction","target":["https:\/\/linandelle.com\/fr\/produit\/parure-housse-de-couette-100-lin-prestige\/"]}]},{"@type":"ImageObject","inLanguage":"fr-FR","@id":"https:\/\/linandelle.com\/fr\/produit\/parure-housse-de-couette-100-lin-prestige\/#primaryimage","url":"https:\/\/linandelle.com\/wp-content\/uploads\/2025\/11\/prestige-carre-ambiance-carre-v1.jpg","contentUrl":"https:\/\/linandelle.com\/wp-content\/uploads\/2025\/11\/prestige-carre-ambiance-carre-v1.jpg","width":1200,"height":1200},{"@type":"BreadcrumbList","@id":"https:\/\/linandelle.com\/fr\/produit\/parure-housse-de-couette-100-lin-prestige\/#breadcrumb","itemListElement":[{"@type":"ListItem","position":1,"name":"Produits","item":"https:\/\/linandelle.com\/fr\/shop\/"},{"@type":"ListItem","position":2,"name":"Parure housse de couette 100% lin PRESTIGE"}]},{"@type":"WebSite","@id":"https:\/\/linandelle.com\/fr\/#website","url":"https:\/\/linandelle.com\/fr\/","name":"Linandelle","description":"Linandelle, plus que du linge, l&#039;essentiel","publisher":{"@id":"https:\/\/linandelle.com\/fr\/#organization"},"potentialAction":[{"@type":"SearchAction","target":{"@type":"EntryPoint","urlTemplate":"https:\/\/linandelle.com\/fr\/?s={search_term_string}"},"query-input":{"@type":"PropertyValueSpecification","valueRequired":true,"valueName":"search_term_string"}}],"inLanguage":"fr-FR"},{"@type":"Organization","@id":"https:\/\/linandelle.com\/fr\/#organization","name":"Linandelle","url":"https:\/\/linandelle.com\/fr\/","logo":{"@type":"ImageObject","inLanguage":"fr-FR","@id":"https:\/\/linandelle.com\/fr\/#\/schema\/logo\/image\/","url":"https:\/\/linandelle.com\/wp-content\/uploads\/2022\/03\/logo-linandelle.jpg","contentUrl":"https:\/\/linandelle.com\/wp-content\/uploads\/2022\/03\/logo-linandelle.jpg","width":739,"height":738,"caption":"Linandelle"},"image":{"@id":"https:\/\/linandelle.com\/fr\/#\/schema\/logo\/image\/"},"sameAs":["https:\/\/www.facebook.com\/Linandelle","https:\/\/www.instagram.com\/linandelle\/","https:\/\/www.linkedin.com\/company\/18483801\/admin\/dashboard\/","https:\/\/www.pinterest.fr\/linandelle\/_created\/","https:\/\/www.youtube.com\/@linandellecharleval1016"],"email":"contact@linandelle.com","telephone":"0232687800","legalName":"SARL DU PONT DES JARDINS","vatID":"FR27448856641","taxID":"44885664100015","numberOfEmployees":{"@type":"QuantitativeValue","minValue":"1","maxValue":"10"}}]}},"_links":{"self":[{"href":"https:\/\/linandelle.com\/fr\/wp-json\/wp\/v2\/product\/86096","targetHints":{"allow":["GET"]}}],"collection":[{"href":"https:\/\/linandelle.com\/fr\/wp-json\/wp\/v2\/product"}],"about":[{"href":"https:\/\/linandelle.com\/fr\/wp-json\/wp\/v2\/types\/product"}],"wp:featuredmedia":[{"embeddable":true,"href":"https:\/\/linandelle.com\/fr\/wp-json\/wp\/v2\/media\/86107"}],"wp:attachment":[{"href":"https:\/\/linandelle.com\/fr\/wp-json\/wp\/v2\/media?parent=86096"}],"wp:term":[{"taxonomy":"product_brand","embeddable":true,"href":"https:\/\/linandelle.com\/fr\/wp-json\/wp\/v2\/product_brand?post=86096"},{"taxonomy":"product_cat","embeddable":true,"href":"https:\/\/linandelle.com\/fr\/wp-json\/wp\/v2\/product_cat?post=86096"},{"taxonomy":"product_tag","embeddable":true,"href":"https:\/\/linandelle.com\/fr\/wp-json\/wp\/v2\/product_tag?post=86096"},{"taxonomy":"woo-feed-brand","embeddable":true,"href":"https:\/\/linandelle.com\/fr\/wp-json\/wp\/v2\/woo-feed-brand?post=86096"}],"curies":[{"name":"wp","href":"https:\/\/api.w.org\/{rel}","templated":true}]}}