{"id":8675,"date":"2021-07-13T11:43:37","date_gmt":"2021-07-13T09:43:37","guid":{"rendered":"https:\/\/linandelle.com\/produit\/lot-de-2-torchons-metis-lin-coton-brasserie-blanc\/"},"modified":"2026-04-15T09:31:36","modified_gmt":"2026-04-15T07:31:36","slug":"lot-de-2-torchons-metis-lin-coton-brasserie-blanc","status":"publish","type":"product","link":"https:\/\/linandelle.com\/fr\/produit\/lot-de-2-torchons-metis-lin-coton-brasserie-blanc\/","title":{"rendered":"Lot de 2 torchons m\u00e9tis lin-coton BRASSERIE"},"content":{"rendered":"<h5><u>Torchon BRASSERIE <\/u><\/h5>\n<p>De super torchons en fibres naturelles, \u00e0 la fois utile et pratique et d\u2019une qualit\u00e9 sup\u00e9rieure aux torchons synth\u00e9tiques. C&rsquo;est aussi un accessoire qui donne une touche rustique et authentique \u00e0 votre cuisine.<br \/>\nFabriqu\u00e9 avec une majorit\u00e9 de fils en lin, plus absorbants que les fils de coton.<\/p>\n<p><strong><u>Note \u00e9cologique<\/u><\/strong>\u00a0: <em>le lin ne demande pas d&rsquo;irrigation en agriculture, contre 10.000 litres d&rsquo;eau n\u00e9cessaire pour produire 1kg de coton.<\/em><\/p>\n<h5><u>Caract\u00e9ristiques des torchons m\u00e9tis lin coton BRASSERIE<\/u><\/h5>\n<p>Vendu par lot de 2, 6, 12 avec liser\u00e9 \u00a0gris, rouge, orange, jaune.<br \/>\nFond des torchons blanc<\/p>\n<p>Composition : 65% lin &#8211; 35% coton<br \/>\nDimensions : 50x80cm<\/p>\n<p>Sans traitements chimiques<\/p>\n<p>Fabriqu\u00e9 en U.E<br \/>\nNorme Oeko Tex<\/p>\n<p>Le tissage serr\u00e9 200gr\/m2 permet l\u2019usage intensif pour les professionnels comme pour les particuliers.<\/p>\n<h5><strong><u>Entretien des torchons lin coton blanc\u00a0:<\/u><\/strong><\/h5>\n<p>Afin de les assouplir, il est conseill\u00e9 de les tremper \u00e0 froid avant tout premier lavage \u00e0 chaud.<br \/>\nEnsuite le lavage \u00e0 60\u00b0C est possible, ainsi que le s\u00e9chage en machine.<\/p>\n<p><strong>En savoir plus :<\/strong><\/p>\n<p>&#8211; Grand torchon<\/p>\n<p>&#8211; Tr\u00e8s absorbant<\/p>\n<p>&#8211; Qualit\u00e9 professionnelle<\/p>\n<p>&#8211; R\u00e9sistant dans le temps<\/p>\n<p>&#8211; Lin fran\u00e7ais.<\/p>\n<p>&nbsp;<\/p>\n<p>&nbsp;<\/p>\n","protected":false},"excerpt":{"rendered":"<p>Torchon BRASSERIE De super torchons en fibres naturelles, \u00e0 la fois utile et pratique et d\u2019une qualit\u00e9 sup\u00e9rieure aux torchons synth\u00e9tiques. C&rsquo;est aussi un accessoire qui donne une touche rustique et authentique \u00e0 votre cuisine. Fabriqu\u00e9 avec une majorit\u00e9 de fils en lin, plus absorbants que les fils de coton. Note \u00e9cologique\u00a0: le lin ne [&hellip;]<\/p>\n","protected":false},"featured_media":76734,"template":"","meta":{"_et_pb_use_builder":"","_et_pb_old_content":"","_et_gb_content_width":""},"product_brand":[710],"product_cat":[27,334],"product_tag":[],"woo-feed-brand":[],"class_list":{"0":"post-8675","1":"product","2":"type-product","3":"status-publish","4":"has-post-thumbnail","6":"product_brand-linandelle","7":"product_cat-table","8":"product_cat-torchons-et-essuie-verre","9":"tm-has-options","11":"first","12":"instock","13":"sale","14":"featured","15":"taxable","16":"shipping-taxable","17":"purchasable","18":"product-type-variable"},"yoast_head":"<!-- This site is optimized with the Yoast SEO Premium plugin v27.3 (Yoast SEO v27.3) - https:\/\/yoast.com\/product\/yoast-seo-premium-wordpress\/ -->\n<title>Lot de 2 torchons m\u00e9tis en lin et coton beige tissage serr\u00e9 et absorbant<\/title>\n<meta name=\"description\" content=\"Lot de 2 torchons en fibres naturelles naturel lin et coton disponibles dans plusieurs couleurs. Les lots sont aussi vari\u00e9s, de 2 \u00e0 12.\" \/>\n<meta name=\"robots\" content=\"index, follow, max-snippet:-1, max-image-preview:large, max-video-preview:-1\" \/>\n<link rel=\"canonical\" href=\"https:\/\/linandelle.com\/fr\/produit\/lot-de-2-torchons-metis-lin-coton-brasserie-blanc\/\" \/>\n<meta property=\"og:locale\" content=\"fr_FR\" \/>\n<meta property=\"og:type\" content=\"article\" \/>\n<meta property=\"og:title\" content=\"Lot de 2 torchons m\u00e9tis en lin et coton beige tissage serr\u00e9 et absorbant\" \/>\n<meta property=\"og:description\" content=\"Lot de 2 torchons en fibres naturelles naturel lin et coton disponibles dans plusieurs couleurs. Les lots sont aussi vari\u00e9s, de 2 \u00e0 12.\" \/>\n<meta property=\"og:url\" content=\"https:\/\/linandelle.com\/fr\/produit\/lot-de-2-torchons-metis-lin-coton-brasserie-blanc\/\" \/>\n<meta property=\"og:site_name\" content=\"Linandelle\" \/>\n<meta property=\"article:publisher\" content=\"https:\/\/www.facebook.com\/Linandelle\" \/>\n<meta property=\"article:modified_time\" content=\"2026-04-15T07:31:36+00:00\" \/>\n<meta property=\"og:image\" content=\"https:\/\/linandelle.com\/wp-content\/uploads\/2021\/08\/brasserie-blanc-par-2-rouge.jpg\" \/>\n\t<meta property=\"og:image:width\" content=\"1200\" \/>\n\t<meta property=\"og:image:height\" content=\"1200\" \/>\n\t<meta property=\"og:image:type\" content=\"image\/jpeg\" \/>\n<meta name=\"twitter:card\" content=\"summary_large_image\" \/>\n<meta name=\"twitter:label1\" content=\"Dur\u00e9e de lecture estim\u00e9e\" \/>\n\t<meta name=\"twitter:data1\" content=\"2 minutes\" \/>\n<script type=\"application\/ld+json\" class=\"yoast-schema-graph\">{\"@context\":\"https:\\\/\\\/schema.org\",\"@graph\":[{\"@type\":\"WebPage\",\"@id\":\"https:\\\/\\\/linandelle.com\\\/fr\\\/produit\\\/lot-de-2-torchons-metis-lin-coton-brasserie-blanc\\\/\",\"url\":\"https:\\\/\\\/linandelle.com\\\/fr\\\/produit\\\/lot-de-2-torchons-metis-lin-coton-brasserie-blanc\\\/\",\"name\":\"Lot de 2 torchons m\u00e9tis en lin et coton beige tissage serr\u00e9 et absorbant\",\"isPartOf\":{\"@id\":\"https:\\\/\\\/linandelle.com\\\/fr\\\/#website\"},\"primaryImageOfPage\":{\"@id\":\"https:\\\/\\\/linandelle.com\\\/fr\\\/produit\\\/lot-de-2-torchons-metis-lin-coton-brasserie-blanc\\\/#primaryimage\"},\"image\":{\"@id\":\"https:\\\/\\\/linandelle.com\\\/fr\\\/produit\\\/lot-de-2-torchons-metis-lin-coton-brasserie-blanc\\\/#primaryimage\"},\"thumbnailUrl\":\"https:\\\/\\\/linandelle.com\\\/wp-content\\\/uploads\\\/2021\\\/08\\\/brasserie-blanc-par-2-rouge.jpg\",\"datePublished\":\"2021-07-13T09:43:37+00:00\",\"dateModified\":\"2026-04-15T07:31:36+00:00\",\"description\":\"Lot de 2 torchons en fibres naturelles naturel lin et coton disponibles dans plusieurs couleurs. Les lots sont aussi vari\u00e9s, de 2 \u00e0 12.\",\"breadcrumb\":{\"@id\":\"https:\\\/\\\/linandelle.com\\\/fr\\\/produit\\\/lot-de-2-torchons-metis-lin-coton-brasserie-blanc\\\/#breadcrumb\"},\"inLanguage\":\"fr-FR\",\"potentialAction\":[{\"@type\":\"ReadAction\",\"target\":[\"https:\\\/\\\/linandelle.com\\\/fr\\\/produit\\\/lot-de-2-torchons-metis-lin-coton-brasserie-blanc\\\/\"]}]},{\"@type\":\"ImageObject\",\"inLanguage\":\"fr-FR\",\"@id\":\"https:\\\/\\\/linandelle.com\\\/fr\\\/produit\\\/lot-de-2-torchons-metis-lin-coton-brasserie-blanc\\\/#primaryimage\",\"url\":\"https:\\\/\\\/linandelle.com\\\/wp-content\\\/uploads\\\/2021\\\/08\\\/brasserie-blanc-par-2-rouge.jpg\",\"contentUrl\":\"https:\\\/\\\/linandelle.com\\\/wp-content\\\/uploads\\\/2021\\\/08\\\/brasserie-blanc-par-2-rouge.jpg\",\"width\":1200,\"height\":1200},{\"@type\":\"BreadcrumbList\",\"@id\":\"https:\\\/\\\/linandelle.com\\\/fr\\\/produit\\\/lot-de-2-torchons-metis-lin-coton-brasserie-blanc\\\/#breadcrumb\",\"itemListElement\":[{\"@type\":\"ListItem\",\"position\":1,\"name\":\"Produits\",\"item\":\"https:\\\/\\\/linandelle.com\\\/fr\\\/shop\\\/\"},{\"@type\":\"ListItem\",\"position\":2,\"name\":\"Lot de 2 torchons m\u00e9tis lin-coton BRASSERIE\"}]},{\"@type\":\"WebSite\",\"@id\":\"https:\\\/\\\/linandelle.com\\\/fr\\\/#website\",\"url\":\"https:\\\/\\\/linandelle.com\\\/fr\\\/\",\"name\":\"Linandelle\",\"description\":\"Linandelle, plus que du linge, l&#039;essentiel\",\"publisher\":{\"@id\":\"https:\\\/\\\/linandelle.com\\\/fr\\\/#organization\"},\"potentialAction\":[{\"@type\":\"SearchAction\",\"target\":{\"@type\":\"EntryPoint\",\"urlTemplate\":\"https:\\\/\\\/linandelle.com\\\/fr\\\/?s={search_term_string}\"},\"query-input\":{\"@type\":\"PropertyValueSpecification\",\"valueRequired\":true,\"valueName\":\"search_term_string\"}}],\"inLanguage\":\"fr-FR\"},{\"@type\":\"Organization\",\"@id\":\"https:\\\/\\\/linandelle.com\\\/fr\\\/#organization\",\"name\":\"Linandelle\",\"url\":\"https:\\\/\\\/linandelle.com\\\/fr\\\/\",\"logo\":{\"@type\":\"ImageObject\",\"inLanguage\":\"fr-FR\",\"@id\":\"https:\\\/\\\/linandelle.com\\\/fr\\\/#\\\/schema\\\/logo\\\/image\\\/\",\"url\":\"https:\\\/\\\/linandelle.com\\\/wp-content\\\/uploads\\\/2022\\\/03\\\/logo-linandelle.jpg\",\"contentUrl\":\"https:\\\/\\\/linandelle.com\\\/wp-content\\\/uploads\\\/2022\\\/03\\\/logo-linandelle.jpg\",\"width\":739,\"height\":738,\"caption\":\"Linandelle\"},\"image\":{\"@id\":\"https:\\\/\\\/linandelle.com\\\/fr\\\/#\\\/schema\\\/logo\\\/image\\\/\"},\"sameAs\":[\"https:\\\/\\\/www.facebook.com\\\/Linandelle\",\"https:\\\/\\\/www.instagram.com\\\/linandelle\\\/\",\"https:\\\/\\\/www.linkedin.com\\\/company\\\/18483801\\\/admin\\\/dashboard\\\/\",\"https:\\\/\\\/www.pinterest.fr\\\/linandelle\\\/_created\\\/\",\"https:\\\/\\\/www.youtube.com\\\/@linandellecharleval1016\"],\"email\":\"contact@linandelle.com\",\"telephone\":\"0232687800\",\"legalName\":\"SARL DU PONT DES JARDINS\",\"vatID\":\"FR27448856641\",\"taxID\":\"44885664100015\",\"numberOfEmployees\":{\"@type\":\"QuantitativeValue\",\"minValue\":\"1\",\"maxValue\":\"10\"}}]}<\/script>\n<!-- \/ Yoast SEO Premium plugin. -->","yoast_head_json":{"title":"Lot de 2 torchons m\u00e9tis en lin et coton beige tissage serr\u00e9 et absorbant","description":"Lot de 2 torchons en fibres naturelles naturel lin et coton disponibles dans plusieurs couleurs. Les lots sont aussi vari\u00e9s, de 2 \u00e0 12.","robots":{"index":"index","follow":"follow","max-snippet":"max-snippet:-1","max-image-preview":"max-image-preview:large","max-video-preview":"max-video-preview:-1"},"canonical":"https:\/\/linandelle.com\/fr\/produit\/lot-de-2-torchons-metis-lin-coton-brasserie-blanc\/","og_locale":"fr_FR","og_type":"article","og_title":"Lot de 2 torchons m\u00e9tis en lin et coton beige tissage serr\u00e9 et absorbant","og_description":"Lot de 2 torchons en fibres naturelles naturel lin et coton disponibles dans plusieurs couleurs. Les lots sont aussi vari\u00e9s, de 2 \u00e0 12.","og_url":"https:\/\/linandelle.com\/fr\/produit\/lot-de-2-torchons-metis-lin-coton-brasserie-blanc\/","og_site_name":"Linandelle","article_publisher":"https:\/\/www.facebook.com\/Linandelle","article_modified_time":"2026-04-15T07:31:36+00:00","og_image":[{"width":1200,"height":1200,"url":"https:\/\/linandelle.com\/wp-content\/uploads\/2021\/08\/brasserie-blanc-par-2-rouge.jpg","type":"image\/jpeg"}],"twitter_card":"summary_large_image","twitter_misc":{"Dur\u00e9e de lecture estim\u00e9e":"2 minutes"},"schema":{"@context":"https:\/\/schema.org","@graph":[{"@type":"WebPage","@id":"https:\/\/linandelle.com\/fr\/produit\/lot-de-2-torchons-metis-lin-coton-brasserie-blanc\/","url":"https:\/\/linandelle.com\/fr\/produit\/lot-de-2-torchons-metis-lin-coton-brasserie-blanc\/","name":"Lot de 2 torchons m\u00e9tis en lin et coton beige tissage serr\u00e9 et absorbant","isPartOf":{"@id":"https:\/\/linandelle.com\/fr\/#website"},"primaryImageOfPage":{"@id":"https:\/\/linandelle.com\/fr\/produit\/lot-de-2-torchons-metis-lin-coton-brasserie-blanc\/#primaryimage"},"image":{"@id":"https:\/\/linandelle.com\/fr\/produit\/lot-de-2-torchons-metis-lin-coton-brasserie-blanc\/#primaryimage"},"thumbnailUrl":"https:\/\/linandelle.com\/wp-content\/uploads\/2021\/08\/brasserie-blanc-par-2-rouge.jpg","datePublished":"2021-07-13T09:43:37+00:00","dateModified":"2026-04-15T07:31:36+00:00","description":"Lot de 2 torchons en fibres naturelles naturel lin et coton disponibles dans plusieurs couleurs. Les lots sont aussi vari\u00e9s, de 2 \u00e0 12.","breadcrumb":{"@id":"https:\/\/linandelle.com\/fr\/produit\/lot-de-2-torchons-metis-lin-coton-brasserie-blanc\/#breadcrumb"},"inLanguage":"fr-FR","potentialAction":[{"@type":"ReadAction","target":["https:\/\/linandelle.com\/fr\/produit\/lot-de-2-torchons-metis-lin-coton-brasserie-blanc\/"]}]},{"@type":"ImageObject","inLanguage":"fr-FR","@id":"https:\/\/linandelle.com\/fr\/produit\/lot-de-2-torchons-metis-lin-coton-brasserie-blanc\/#primaryimage","url":"https:\/\/linandelle.com\/wp-content\/uploads\/2021\/08\/brasserie-blanc-par-2-rouge.jpg","contentUrl":"https:\/\/linandelle.com\/wp-content\/uploads\/2021\/08\/brasserie-blanc-par-2-rouge.jpg","width":1200,"height":1200},{"@type":"BreadcrumbList","@id":"https:\/\/linandelle.com\/fr\/produit\/lot-de-2-torchons-metis-lin-coton-brasserie-blanc\/#breadcrumb","itemListElement":[{"@type":"ListItem","position":1,"name":"Produits","item":"https:\/\/linandelle.com\/fr\/shop\/"},{"@type":"ListItem","position":2,"name":"Lot de 2 torchons m\u00e9tis lin-coton BRASSERIE"}]},{"@type":"WebSite","@id":"https:\/\/linandelle.com\/fr\/#website","url":"https:\/\/linandelle.com\/fr\/","name":"Linandelle","description":"Linandelle, plus que du linge, l&#039;essentiel","publisher":{"@id":"https:\/\/linandelle.com\/fr\/#organization"},"potentialAction":[{"@type":"SearchAction","target":{"@type":"EntryPoint","urlTemplate":"https:\/\/linandelle.com\/fr\/?s={search_term_string}"},"query-input":{"@type":"PropertyValueSpecification","valueRequired":true,"valueName":"search_term_string"}}],"inLanguage":"fr-FR"},{"@type":"Organization","@id":"https:\/\/linandelle.com\/fr\/#organization","name":"Linandelle","url":"https:\/\/linandelle.com\/fr\/","logo":{"@type":"ImageObject","inLanguage":"fr-FR","@id":"https:\/\/linandelle.com\/fr\/#\/schema\/logo\/image\/","url":"https:\/\/linandelle.com\/wp-content\/uploads\/2022\/03\/logo-linandelle.jpg","contentUrl":"https:\/\/linandelle.com\/wp-content\/uploads\/2022\/03\/logo-linandelle.jpg","width":739,"height":738,"caption":"Linandelle"},"image":{"@id":"https:\/\/linandelle.com\/fr\/#\/schema\/logo\/image\/"},"sameAs":["https:\/\/www.facebook.com\/Linandelle","https:\/\/www.instagram.com\/linandelle\/","https:\/\/www.linkedin.com\/company\/18483801\/admin\/dashboard\/","https:\/\/www.pinterest.fr\/linandelle\/_created\/","https:\/\/www.youtube.com\/@linandellecharleval1016"],"email":"contact@linandelle.com","telephone":"0232687800","legalName":"SARL DU PONT DES JARDINS","vatID":"FR27448856641","taxID":"44885664100015","numberOfEmployees":{"@type":"QuantitativeValue","minValue":"1","maxValue":"10"}}]}},"_links":{"self":[{"href":"https:\/\/linandelle.com\/fr\/wp-json\/wp\/v2\/product\/8675","targetHints":{"allow":["GET"]}}],"collection":[{"href":"https:\/\/linandelle.com\/fr\/wp-json\/wp\/v2\/product"}],"about":[{"href":"https:\/\/linandelle.com\/fr\/wp-json\/wp\/v2\/types\/product"}],"wp:featuredmedia":[{"embeddable":true,"href":"https:\/\/linandelle.com\/fr\/wp-json\/wp\/v2\/media\/76734"}],"wp:attachment":[{"href":"https:\/\/linandelle.com\/fr\/wp-json\/wp\/v2\/media?parent=8675"}],"wp:term":[{"taxonomy":"product_brand","embeddable":true,"href":"https:\/\/linandelle.com\/fr\/wp-json\/wp\/v2\/product_brand?post=8675"},{"taxonomy":"product_cat","embeddable":true,"href":"https:\/\/linandelle.com\/fr\/wp-json\/wp\/v2\/product_cat?post=8675"},{"taxonomy":"product_tag","embeddable":true,"href":"https:\/\/linandelle.com\/fr\/wp-json\/wp\/v2\/product_tag?post=8675"},{"taxonomy":"woo-feed-brand","embeddable":true,"href":"https:\/\/linandelle.com\/fr\/wp-json\/wp\/v2\/woo-feed-brand?post=8675"}],"curies":[{"name":"wp","href":"https:\/\/api.w.org\/{rel}","templated":true}]}}