{"id":8787,"date":"2021-07-13T11:57:57","date_gmt":"2021-07-13T09:57:57","guid":{"rendered":"https:\/\/linandelle.com\/produit\/lot-de-grands-bavoirs-enfants-coton-carreaux-vichy-bleus-clean\/"},"modified":"2026-04-21T15:10:02","modified_gmt":"2026-04-21T13:10:02","slug":"lot-de-grands-bavoirs-enfants-coton-carreaux-vichy-clean","status":"publish","type":"product","link":"https:\/\/linandelle.com\/fr\/produit\/lot-de-grands-bavoirs-enfants-coton-carreaux-vichy-clean\/","title":{"rendered":"Lot de 10 bavoirs coton carreaux vichy CLEAN"},"content":{"rendered":"<p><strong>Lot de 10 bavoirs coton carreaux vichy CLEAN<\/strong><\/p>\n<p>Optez pour ce lot de bavoirs100% coton, \u00e0 carreaux normands, tr\u00e8s pratique \u00e0 enfiler gr\u00e2ce \u00e0 son \u00e9lastique.<\/p>\n<p>Il s\u2019agit d\u2019une serviette de table avec \u00e9lastique, \u00a0accessoire parfait pour l\u2019entr\u00e9e \u00e0 l\u2019\u00e9cole de vos petits.<\/p>\n<p>Dans la m\u00eame gamme, d\u00e9couvrez les <a href=\"https:\/\/linandelle.com\/fr\/produit\/lot-de-10-serviettes-de-table-carreaux-vichy-normand-rouge-nelly\/\">serviettes <\/a>et les <a href=\"https:\/\/linandelle.com\/fr\/produit\/nappe-coton-carreaux-vichy-nelly\/\">nappes<\/a>.<\/p>\n<p>Caract\u00e9ristique des bavoirs CLEAN\u00a0:<\/p>\n<ul>\n<li>Bavoir 100% coton<\/li>\n<li>Grand format 50x50cm<\/li>\n<li>Fermeture par \u00e9lastique<\/li>\n<li>Finition 4 ourlets<\/li>\n<li>Par lot de 2 ou<\/li>\n<li>Lavage en machine \u00e0 60\u00b0C<\/li>\n<li>Tissu r\u00e9sistant<\/li>\n<li>Fabriqu\u00e9 en U.E<\/li>\n<li>Norme Oeko Tex<\/li>\n<\/ul>\n<p>&nbsp;<\/p>\n<p>En savoir plus :<\/p>\n<p>&#8211; lot de bavoir enfant<\/p>\n<p>&#8211; Tissu 100% coton<\/p>\n<p>&#8211; Fermeture \u00e9lastique<\/p>\n<p>&#8211; Tr\u00e8s r\u00e9sistant aux lavages<\/p>\n<p>&#8211; Fabriqu\u00e9s en U.E.<\/p>\n<p>&nbsp;<\/p>\n<p>&nbsp;<\/p>\n<p>&nbsp;<\/p>\n","protected":false},"excerpt":{"rendered":"<p>Lot de 10 bavoirs avec \u00e9lastique, 100% coton, disponible en plusieurs coloris, livraison rapide 48\/72h.<\/p>\n","protected":false},"featured_media":88350,"template":"","meta":{"_et_pb_use_builder":"","_et_pb_old_content":"","_et_gb_content_width":""},"product_brand":[710],"product_cat":[340,696,318],"product_tag":[],"woo-feed-brand":[],"class_list":{"0":"post-8787","1":"product","2":"type-product","3":"status-publish","4":"has-post-thumbnail","6":"product_brand-linandelle","7":"product_cat-bavoirs","8":"product_cat-nouveautes-printemps-ete","9":"product_cat-enfants","10":"tm-has-options","12":"first","13":"instock","14":"featured","15":"taxable","16":"shipping-taxable","17":"purchasable","18":"product-type-variable"},"yoast_head":"<!-- This site is optimized with the Yoast SEO Premium plugin v27.4 (Yoast SEO v27.4) - https:\/\/yoast.com\/product\/yoast-seo-premium-wordpress\/ -->\n<title>Lot de 10 grands bavoirs coton carreaux vichy normand<\/title>\n<meta name=\"description\" content=\"De grands bavoirs en coton tr\u00e8s pratique pour les repas, avec une fermeture par \u00e9lastique, disponible pour et les enfants, id\u00e9al pour l&#039;entr\u00e9e \u00e0 l&#039;\u00e9cole.\" \/>\n<meta name=\"robots\" content=\"index, follow, max-snippet:-1, max-image-preview:large, max-video-preview:-1\" \/>\n<link rel=\"canonical\" href=\"https:\/\/linandelle.com\/fr\/produit\/lot-de-grands-bavoirs-enfants-coton-carreaux-vichy-clean\/\" \/>\n<meta property=\"og:locale\" content=\"fr_FR\" \/>\n<meta property=\"og:type\" content=\"article\" \/>\n<meta property=\"og:title\" content=\"Lot de 10 grands bavoirs coton carreaux vichy normand\" \/>\n<meta property=\"og:description\" content=\"De grands bavoirs en coton tr\u00e8s pratique pour les repas, avec une fermeture par \u00e9lastique, disponible pour et les enfants, id\u00e9al pour l&#039;entr\u00e9e \u00e0 l&#039;\u00e9cole.\" \/>\n<meta property=\"og:url\" content=\"https:\/\/linandelle.com\/fr\/produit\/lot-de-grands-bavoirs-enfants-coton-carreaux-vichy-clean\/\" \/>\n<meta property=\"og:site_name\" content=\"Linandelle\" \/>\n<meta property=\"article:publisher\" content=\"https:\/\/www.facebook.com\/Linandelle\" \/>\n<meta property=\"article:modified_time\" content=\"2026-04-21T13:10:02+00:00\" \/>\n<meta property=\"og:image\" content=\"https:\/\/linandelle.com\/wp-content\/uploads\/2021\/07\/clean-10-bleu-FB.jpg\" \/>\n\t<meta property=\"og:image:width\" content=\"1200\" \/>\n\t<meta property=\"og:image:height\" content=\"1200\" \/>\n\t<meta property=\"og:image:type\" content=\"image\/jpeg\" \/>\n<meta name=\"twitter:card\" content=\"summary_large_image\" \/>\n<meta name=\"twitter:label1\" content=\"Dur\u00e9e de lecture estim\u00e9e\" \/>\n\t<meta name=\"twitter:data1\" content=\"1 minute\" \/>\n<script type=\"application\/ld+json\" class=\"yoast-schema-graph\">{\"@context\":\"https:\\\/\\\/schema.org\",\"@graph\":[{\"@type\":\"WebPage\",\"@id\":\"https:\\\/\\\/linandelle.com\\\/fr\\\/produit\\\/lot-de-grands-bavoirs-enfants-coton-carreaux-vichy-clean\\\/\",\"url\":\"https:\\\/\\\/linandelle.com\\\/fr\\\/produit\\\/lot-de-grands-bavoirs-enfants-coton-carreaux-vichy-clean\\\/\",\"name\":\"Lot de 10 grands bavoirs coton carreaux vichy normand\",\"isPartOf\":{\"@id\":\"https:\\\/\\\/linandelle.com\\\/fr\\\/#website\"},\"primaryImageOfPage\":{\"@id\":\"https:\\\/\\\/linandelle.com\\\/fr\\\/produit\\\/lot-de-grands-bavoirs-enfants-coton-carreaux-vichy-clean\\\/#primaryimage\"},\"image\":{\"@id\":\"https:\\\/\\\/linandelle.com\\\/fr\\\/produit\\\/lot-de-grands-bavoirs-enfants-coton-carreaux-vichy-clean\\\/#primaryimage\"},\"thumbnailUrl\":\"https:\\\/\\\/linandelle.com\\\/wp-content\\\/uploads\\\/2021\\\/07\\\/clean-10-bleu-FB.jpg\",\"datePublished\":\"2021-07-13T09:57:57+00:00\",\"dateModified\":\"2026-04-21T13:10:02+00:00\",\"description\":\"De grands bavoirs en coton tr\u00e8s pratique pour les repas, avec une fermeture par \u00e9lastique, disponible pour et les enfants, id\u00e9al pour l'entr\u00e9e \u00e0 l'\u00e9cole.\",\"breadcrumb\":{\"@id\":\"https:\\\/\\\/linandelle.com\\\/fr\\\/produit\\\/lot-de-grands-bavoirs-enfants-coton-carreaux-vichy-clean\\\/#breadcrumb\"},\"inLanguage\":\"fr-FR\",\"potentialAction\":[{\"@type\":\"ReadAction\",\"target\":[\"https:\\\/\\\/linandelle.com\\\/fr\\\/produit\\\/lot-de-grands-bavoirs-enfants-coton-carreaux-vichy-clean\\\/\"]}]},{\"@type\":\"ImageObject\",\"inLanguage\":\"fr-FR\",\"@id\":\"https:\\\/\\\/linandelle.com\\\/fr\\\/produit\\\/lot-de-grands-bavoirs-enfants-coton-carreaux-vichy-clean\\\/#primaryimage\",\"url\":\"https:\\\/\\\/linandelle.com\\\/wp-content\\\/uploads\\\/2021\\\/07\\\/clean-10-bleu-FB.jpg\",\"contentUrl\":\"https:\\\/\\\/linandelle.com\\\/wp-content\\\/uploads\\\/2021\\\/07\\\/clean-10-bleu-FB.jpg\",\"width\":1200,\"height\":1200},{\"@type\":\"BreadcrumbList\",\"@id\":\"https:\\\/\\\/linandelle.com\\\/fr\\\/produit\\\/lot-de-grands-bavoirs-enfants-coton-carreaux-vichy-clean\\\/#breadcrumb\",\"itemListElement\":[{\"@type\":\"ListItem\",\"position\":1,\"name\":\"Produits\",\"item\":\"https:\\\/\\\/linandelle.com\\\/fr\\\/shop\\\/\"},{\"@type\":\"ListItem\",\"position\":2,\"name\":\"Lot de 10 bavoirs coton carreaux vichy CLEAN\"}]},{\"@type\":\"WebSite\",\"@id\":\"https:\\\/\\\/linandelle.com\\\/fr\\\/#website\",\"url\":\"https:\\\/\\\/linandelle.com\\\/fr\\\/\",\"name\":\"Linandelle\",\"description\":\"Linandelle, plus que du linge, l&#039;essentiel\",\"publisher\":{\"@id\":\"https:\\\/\\\/linandelle.com\\\/fr\\\/#organization\"},\"potentialAction\":[{\"@type\":\"SearchAction\",\"target\":{\"@type\":\"EntryPoint\",\"urlTemplate\":\"https:\\\/\\\/linandelle.com\\\/fr\\\/?s={search_term_string}\"},\"query-input\":{\"@type\":\"PropertyValueSpecification\",\"valueRequired\":true,\"valueName\":\"search_term_string\"}}],\"inLanguage\":\"fr-FR\"},{\"@type\":\"Organization\",\"@id\":\"https:\\\/\\\/linandelle.com\\\/fr\\\/#organization\",\"name\":\"Linandelle\",\"url\":\"https:\\\/\\\/linandelle.com\\\/fr\\\/\",\"logo\":{\"@type\":\"ImageObject\",\"inLanguage\":\"fr-FR\",\"@id\":\"https:\\\/\\\/linandelle.com\\\/fr\\\/#\\\/schema\\\/logo\\\/image\\\/\",\"url\":\"https:\\\/\\\/linandelle.com\\\/wp-content\\\/uploads\\\/2022\\\/03\\\/logo-linandelle.jpg\",\"contentUrl\":\"https:\\\/\\\/linandelle.com\\\/wp-content\\\/uploads\\\/2022\\\/03\\\/logo-linandelle.jpg\",\"width\":739,\"height\":738,\"caption\":\"Linandelle\"},\"image\":{\"@id\":\"https:\\\/\\\/linandelle.com\\\/fr\\\/#\\\/schema\\\/logo\\\/image\\\/\"},\"sameAs\":[\"https:\\\/\\\/www.facebook.com\\\/Linandelle\",\"https:\\\/\\\/www.instagram.com\\\/linandelle\\\/\",\"https:\\\/\\\/www.linkedin.com\\\/company\\\/18483801\\\/admin\\\/dashboard\\\/\",\"https:\\\/\\\/www.pinterest.fr\\\/linandelle\\\/_created\\\/\",\"https:\\\/\\\/www.youtube.com\\\/@linandellecharleval1016\"],\"email\":\"contact@linandelle.com\",\"telephone\":\"0232687800\",\"legalName\":\"SARL DU PONT DES JARDINS\",\"vatID\":\"FR27448856641\",\"taxID\":\"44885664100015\",\"numberOfEmployees\":{\"@type\":\"QuantitativeValue\",\"minValue\":\"1\",\"maxValue\":\"10\"}}]}<\/script>\n<!-- \/ Yoast SEO Premium plugin. -->","yoast_head_json":{"title":"Lot de 10 grands bavoirs coton carreaux vichy normand","description":"De grands bavoirs en coton tr\u00e8s pratique pour les repas, avec une fermeture par \u00e9lastique, disponible pour et les enfants, id\u00e9al pour l'entr\u00e9e \u00e0 l'\u00e9cole.","robots":{"index":"index","follow":"follow","max-snippet":"max-snippet:-1","max-image-preview":"max-image-preview:large","max-video-preview":"max-video-preview:-1"},"canonical":"https:\/\/linandelle.com\/fr\/produit\/lot-de-grands-bavoirs-enfants-coton-carreaux-vichy-clean\/","og_locale":"fr_FR","og_type":"article","og_title":"Lot de 10 grands bavoirs coton carreaux vichy normand","og_description":"De grands bavoirs en coton tr\u00e8s pratique pour les repas, avec une fermeture par \u00e9lastique, disponible pour et les enfants, id\u00e9al pour l'entr\u00e9e \u00e0 l'\u00e9cole.","og_url":"https:\/\/linandelle.com\/fr\/produit\/lot-de-grands-bavoirs-enfants-coton-carreaux-vichy-clean\/","og_site_name":"Linandelle","article_publisher":"https:\/\/www.facebook.com\/Linandelle","article_modified_time":"2026-04-21T13:10:02+00:00","og_image":[{"width":1200,"height":1200,"url":"https:\/\/linandelle.com\/wp-content\/uploads\/2021\/07\/clean-10-bleu-FB.jpg","type":"image\/jpeg"}],"twitter_card":"summary_large_image","twitter_misc":{"Dur\u00e9e de lecture estim\u00e9e":"1 minute"},"schema":{"@context":"https:\/\/schema.org","@graph":[{"@type":"WebPage","@id":"https:\/\/linandelle.com\/fr\/produit\/lot-de-grands-bavoirs-enfants-coton-carreaux-vichy-clean\/","url":"https:\/\/linandelle.com\/fr\/produit\/lot-de-grands-bavoirs-enfants-coton-carreaux-vichy-clean\/","name":"Lot de 10 grands bavoirs coton carreaux vichy normand","isPartOf":{"@id":"https:\/\/linandelle.com\/fr\/#website"},"primaryImageOfPage":{"@id":"https:\/\/linandelle.com\/fr\/produit\/lot-de-grands-bavoirs-enfants-coton-carreaux-vichy-clean\/#primaryimage"},"image":{"@id":"https:\/\/linandelle.com\/fr\/produit\/lot-de-grands-bavoirs-enfants-coton-carreaux-vichy-clean\/#primaryimage"},"thumbnailUrl":"https:\/\/linandelle.com\/wp-content\/uploads\/2021\/07\/clean-10-bleu-FB.jpg","datePublished":"2021-07-13T09:57:57+00:00","dateModified":"2026-04-21T13:10:02+00:00","description":"De grands bavoirs en coton tr\u00e8s pratique pour les repas, avec une fermeture par \u00e9lastique, disponible pour et les enfants, id\u00e9al pour l'entr\u00e9e \u00e0 l'\u00e9cole.","breadcrumb":{"@id":"https:\/\/linandelle.com\/fr\/produit\/lot-de-grands-bavoirs-enfants-coton-carreaux-vichy-clean\/#breadcrumb"},"inLanguage":"fr-FR","potentialAction":[{"@type":"ReadAction","target":["https:\/\/linandelle.com\/fr\/produit\/lot-de-grands-bavoirs-enfants-coton-carreaux-vichy-clean\/"]}]},{"@type":"ImageObject","inLanguage":"fr-FR","@id":"https:\/\/linandelle.com\/fr\/produit\/lot-de-grands-bavoirs-enfants-coton-carreaux-vichy-clean\/#primaryimage","url":"https:\/\/linandelle.com\/wp-content\/uploads\/2021\/07\/clean-10-bleu-FB.jpg","contentUrl":"https:\/\/linandelle.com\/wp-content\/uploads\/2021\/07\/clean-10-bleu-FB.jpg","width":1200,"height":1200},{"@type":"BreadcrumbList","@id":"https:\/\/linandelle.com\/fr\/produit\/lot-de-grands-bavoirs-enfants-coton-carreaux-vichy-clean\/#breadcrumb","itemListElement":[{"@type":"ListItem","position":1,"name":"Produits","item":"https:\/\/linandelle.com\/fr\/shop\/"},{"@type":"ListItem","position":2,"name":"Lot de 10 bavoirs coton carreaux vichy CLEAN"}]},{"@type":"WebSite","@id":"https:\/\/linandelle.com\/fr\/#website","url":"https:\/\/linandelle.com\/fr\/","name":"Linandelle","description":"Linandelle, plus que du linge, l&#039;essentiel","publisher":{"@id":"https:\/\/linandelle.com\/fr\/#organization"},"potentialAction":[{"@type":"SearchAction","target":{"@type":"EntryPoint","urlTemplate":"https:\/\/linandelle.com\/fr\/?s={search_term_string}"},"query-input":{"@type":"PropertyValueSpecification","valueRequired":true,"valueName":"search_term_string"}}],"inLanguage":"fr-FR"},{"@type":"Organization","@id":"https:\/\/linandelle.com\/fr\/#organization","name":"Linandelle","url":"https:\/\/linandelle.com\/fr\/","logo":{"@type":"ImageObject","inLanguage":"fr-FR","@id":"https:\/\/linandelle.com\/fr\/#\/schema\/logo\/image\/","url":"https:\/\/linandelle.com\/wp-content\/uploads\/2022\/03\/logo-linandelle.jpg","contentUrl":"https:\/\/linandelle.com\/wp-content\/uploads\/2022\/03\/logo-linandelle.jpg","width":739,"height":738,"caption":"Linandelle"},"image":{"@id":"https:\/\/linandelle.com\/fr\/#\/schema\/logo\/image\/"},"sameAs":["https:\/\/www.facebook.com\/Linandelle","https:\/\/www.instagram.com\/linandelle\/","https:\/\/www.linkedin.com\/company\/18483801\/admin\/dashboard\/","https:\/\/www.pinterest.fr\/linandelle\/_created\/","https:\/\/www.youtube.com\/@linandellecharleval1016"],"email":"contact@linandelle.com","telephone":"0232687800","legalName":"SARL DU PONT DES JARDINS","vatID":"FR27448856641","taxID":"44885664100015","numberOfEmployees":{"@type":"QuantitativeValue","minValue":"1","maxValue":"10"}}]}},"_links":{"self":[{"href":"https:\/\/linandelle.com\/fr\/wp-json\/wp\/v2\/product\/8787","targetHints":{"allow":["GET"]}}],"collection":[{"href":"https:\/\/linandelle.com\/fr\/wp-json\/wp\/v2\/product"}],"about":[{"href":"https:\/\/linandelle.com\/fr\/wp-json\/wp\/v2\/types\/product"}],"wp:featuredmedia":[{"embeddable":true,"href":"https:\/\/linandelle.com\/fr\/wp-json\/wp\/v2\/media\/88350"}],"wp:attachment":[{"href":"https:\/\/linandelle.com\/fr\/wp-json\/wp\/v2\/media?parent=8787"}],"wp:term":[{"taxonomy":"product_brand","embeddable":true,"href":"https:\/\/linandelle.com\/fr\/wp-json\/wp\/v2\/product_brand?post=8787"},{"taxonomy":"product_cat","embeddable":true,"href":"https:\/\/linandelle.com\/fr\/wp-json\/wp\/v2\/product_cat?post=8787"},{"taxonomy":"product_tag","embeddable":true,"href":"https:\/\/linandelle.com\/fr\/wp-json\/wp\/v2\/product_tag?post=8787"},{"taxonomy":"woo-feed-brand","embeddable":true,"href":"https:\/\/linandelle.com\/fr\/wp-json\/wp\/v2\/woo-feed-brand?post=8787"}],"curies":[{"name":"wp","href":"https:\/\/api.w.org\/{rel}","templated":true}]}}