{"id":88080,"date":"2026-02-19T12:19:35","date_gmt":"2026-02-19T11:19:35","guid":{"rendered":"https:\/\/linandelle.com\/fr\/?post_type=product&#038;p=88080"},"modified":"2026-04-08T03:18:28","modified_gmt":"2026-04-08T01:18:28","slug":"housse-de-couette-coton-57-fils-en-molleton-flanelle-toudoux","status":"publish","type":"product","link":"https:\/\/linandelle.com\/fr\/produit\/housse-de-couette-coton-57-fils-en-molleton-flanelle-toudoux\/","title":{"rendered":"Housse de couette coton 57 fils en molleton flanelle TOUDOUX"},"content":{"rendered":"<div class=\"et_pb_tab clearfix et_pb_active_content et-pb-active-slide\">\n<div class=\"et_pb_tab_content\">\n<h2><strong><u>Housse de couette coton flanelle TOUDOUX<\/u><\/strong><\/h2>\n<p>Enveloppez vos nuits de douceur avec cette housse de couette en flanelle, aussi chaleureuse que confortable, elle vous accompagnera nuit apr\u00e8s nuit. Elle deviendra tr\u00e8s vite votre incontournable.<\/p>\n<p>Le coton est fil\u00e9, tiss\u00e9 et enfin feutr\u00e9, ce qui lui apporte\u00a0<strong>sa l\u00e9g\u00e8ret\u00e9 et son toucher enveloppant<\/strong>.<\/p>\n<p>C\u2019est le textile id\u00e9al pour vous prot\u00e9ger du froid\u00a0!<\/p>\n<p>Les taies d\u2019oreillers et les draps housses sont \u00e9galement disponibles dans cette collection.<\/p>\n<h3><u>Caract\u00e9ristiques de la housse en flanelle :<\/u><\/h3>\n<p>&#8211; Toucher peau de p\u00eache tr\u00e8s doux<br \/>\n&#8211; Qualit\u00e9 lourde qui procure cette chaleur : 200gr\/m2<br \/>\n&#8211; Composition 100% coton gratt\u00e9 flanelle<br \/>\n&#8211; Tailles disponibles : 140x200cm, 220x240cm, 240x260cm<br \/>\n&#8211; Couleurs disponibles : <a href=\"https:\/\/linandelle.com\/fr\/produit\/drap-housse-en-molleton-flanelle-blanc-toudoux\/\">blanc<\/a>, <a href=\"https:\/\/linandelle.com\/fr\/produit\/drap-housse-en-molleton-flanelle-caramel-toudoux\/\">caramel<\/a><\/p>\n<p>Entretien des housses de couette TOUDOUX :<br \/>\nColoris grands teints, lavables en machine \u00e0 40\u00b0 recommand\u00e9.<br \/>\nIl est \u00e9galement conseill\u00e9 de laisser tremper \u00e0 froid 1 \u00e0 2h avant tout lavage \u00e0 chaud<br \/>\nFabriqu\u00e9 et confectionn\u00e9 au Portugal<br \/>\nLabel Oeko Tex<\/p>\n<\/div>\n<\/div>\n","protected":false},"excerpt":{"rendered":"<p>Laissez-vous tenter par la douceur et la chaleur naturelle de cette housse de couette en flanelle.<\/p>\n","protected":false},"featured_media":80516,"template":"","meta":{"_et_pb_use_builder":"","_et_pb_old_content":"","_et_gb_content_width":""},"product_brand":[710],"product_cat":[185,713],"product_tag":[],"woo-feed-brand":[],"class_list":{"0":"post-88080","1":"product","2":"type-product","3":"status-publish","4":"has-post-thumbnail","6":"product_brand-linandelle","7":"product_cat-housses-de-couettes-unies","8":"product_cat-selection-hiver","9":"tm-no-options","11":"first","12":"instock","13":"sale","14":"taxable","15":"shipping-taxable","16":"purchasable","17":"product-type-variable"},"yoast_head":"<!-- This site is optimized with the Yoast SEO Premium plugin v27.3 (Yoast SEO v27.3) - https:\/\/yoast.com\/product\/yoast-seo-premium-wordpress\/ -->\n<title>Housse-de-couette-coton-molleton-flanelle-57fils-TOUDOUX<\/title>\n<meta name=\"description\" content=\"Les housses de couette en coton molleton TOUDOUX sont id\u00e9ales pour passer des nuits chaleureuses. Coton 57 fils, taies et draps housses \u00e0 assortir.\" \/>\n<meta name=\"robots\" content=\"index, follow, max-snippet:-1, max-image-preview:large, max-video-preview:-1\" \/>\n<link rel=\"canonical\" href=\"https:\/\/linandelle.com\/fr\/produit\/housse-de-couette-coton-57-fils-en-molleton-flanelle-toudoux\/\" \/>\n<meta property=\"og:locale\" content=\"fr_FR\" \/>\n<meta property=\"og:type\" content=\"article\" \/>\n<meta property=\"og:title\" content=\"Housse-de-couette-coton-molleton-flanelle-57fils-TOUDOUX\" \/>\n<meta property=\"og:description\" content=\"Les housses de couette en coton molleton TOUDOUX sont id\u00e9ales pour passer des nuits chaleureuses. Coton 57 fils, taies et draps housses \u00e0 assortir.\" \/>\n<meta property=\"og:url\" content=\"https:\/\/linandelle.com\/fr\/produit\/housse-de-couette-coton-57-fils-en-molleton-flanelle-toudoux\/\" \/>\n<meta property=\"og:site_name\" content=\"Linandelle\" \/>\n<meta property=\"article:publisher\" content=\"https:\/\/www.facebook.com\/Linandelle\" \/>\n<meta property=\"article:modified_time\" content=\"2026-04-08T01:18:28+00:00\" \/>\n<meta property=\"og:image\" content=\"https:\/\/linandelle.com\/wp-content\/uploads\/2024\/11\/DP-caramel-ambiance-V1.jpg\" \/>\n\t<meta property=\"og:image:width\" content=\"1200\" \/>\n\t<meta property=\"og:image:height\" content=\"1200\" \/>\n\t<meta property=\"og:image:type\" content=\"image\/jpeg\" \/>\n<meta name=\"twitter:card\" content=\"summary_large_image\" \/>\n<meta name=\"twitter:label1\" content=\"Dur\u00e9e de lecture estim\u00e9e\" \/>\n\t<meta name=\"twitter:data1\" content=\"1 minute\" \/>\n<script type=\"application\/ld+json\" class=\"yoast-schema-graph\">{\"@context\":\"https:\\\/\\\/schema.org\",\"@graph\":[{\"@type\":\"WebPage\",\"@id\":\"https:\\\/\\\/linandelle.com\\\/fr\\\/produit\\\/housse-de-couette-coton-57-fils-en-molleton-flanelle-toudoux\\\/\",\"url\":\"https:\\\/\\\/linandelle.com\\\/fr\\\/produit\\\/housse-de-couette-coton-57-fils-en-molleton-flanelle-toudoux\\\/\",\"name\":\"Housse-de-couette-coton-molleton-flanelle-57fils-TOUDOUX\",\"isPartOf\":{\"@id\":\"https:\\\/\\\/linandelle.com\\\/fr\\\/#website\"},\"primaryImageOfPage\":{\"@id\":\"https:\\\/\\\/linandelle.com\\\/fr\\\/produit\\\/housse-de-couette-coton-57-fils-en-molleton-flanelle-toudoux\\\/#primaryimage\"},\"image\":{\"@id\":\"https:\\\/\\\/linandelle.com\\\/fr\\\/produit\\\/housse-de-couette-coton-57-fils-en-molleton-flanelle-toudoux\\\/#primaryimage\"},\"thumbnailUrl\":\"https:\\\/\\\/linandelle.com\\\/wp-content\\\/uploads\\\/2024\\\/11\\\/DP-caramel-ambiance-V1.jpg\",\"datePublished\":\"2026-02-19T11:19:35+00:00\",\"dateModified\":\"2026-04-08T01:18:28+00:00\",\"description\":\"Les housses de couette en coton molleton TOUDOUX sont id\u00e9ales pour passer des nuits chaleureuses. Coton 57 fils, taies et draps housses \u00e0 assortir.\",\"breadcrumb\":{\"@id\":\"https:\\\/\\\/linandelle.com\\\/fr\\\/produit\\\/housse-de-couette-coton-57-fils-en-molleton-flanelle-toudoux\\\/#breadcrumb\"},\"inLanguage\":\"fr-FR\",\"potentialAction\":[{\"@type\":\"ReadAction\",\"target\":[\"https:\\\/\\\/linandelle.com\\\/fr\\\/produit\\\/housse-de-couette-coton-57-fils-en-molleton-flanelle-toudoux\\\/\"]}]},{\"@type\":\"ImageObject\",\"inLanguage\":\"fr-FR\",\"@id\":\"https:\\\/\\\/linandelle.com\\\/fr\\\/produit\\\/housse-de-couette-coton-57-fils-en-molleton-flanelle-toudoux\\\/#primaryimage\",\"url\":\"https:\\\/\\\/linandelle.com\\\/wp-content\\\/uploads\\\/2024\\\/11\\\/DP-caramel-ambiance-V1.jpg\",\"contentUrl\":\"https:\\\/\\\/linandelle.com\\\/wp-content\\\/uploads\\\/2024\\\/11\\\/DP-caramel-ambiance-V1.jpg\",\"width\":1200,\"height\":1200},{\"@type\":\"BreadcrumbList\",\"@id\":\"https:\\\/\\\/linandelle.com\\\/fr\\\/produit\\\/housse-de-couette-coton-57-fils-en-molleton-flanelle-toudoux\\\/#breadcrumb\",\"itemListElement\":[{\"@type\":\"ListItem\",\"position\":1,\"name\":\"Produits\",\"item\":\"https:\\\/\\\/linandelle.com\\\/fr\\\/shop\\\/\"},{\"@type\":\"ListItem\",\"position\":2,\"name\":\"Housse de couette coton 57 fils en molleton flanelle TOUDOUX\"}]},{\"@type\":\"WebSite\",\"@id\":\"https:\\\/\\\/linandelle.com\\\/fr\\\/#website\",\"url\":\"https:\\\/\\\/linandelle.com\\\/fr\\\/\",\"name\":\"Linandelle\",\"description\":\"Linandelle, plus que du linge, l&#039;essentiel\",\"publisher\":{\"@id\":\"https:\\\/\\\/linandelle.com\\\/fr\\\/#organization\"},\"potentialAction\":[{\"@type\":\"SearchAction\",\"target\":{\"@type\":\"EntryPoint\",\"urlTemplate\":\"https:\\\/\\\/linandelle.com\\\/fr\\\/?s={search_term_string}\"},\"query-input\":{\"@type\":\"PropertyValueSpecification\",\"valueRequired\":true,\"valueName\":\"search_term_string\"}}],\"inLanguage\":\"fr-FR\"},{\"@type\":\"Organization\",\"@id\":\"https:\\\/\\\/linandelle.com\\\/fr\\\/#organization\",\"name\":\"Linandelle\",\"url\":\"https:\\\/\\\/linandelle.com\\\/fr\\\/\",\"logo\":{\"@type\":\"ImageObject\",\"inLanguage\":\"fr-FR\",\"@id\":\"https:\\\/\\\/linandelle.com\\\/fr\\\/#\\\/schema\\\/logo\\\/image\\\/\",\"url\":\"https:\\\/\\\/linandelle.com\\\/wp-content\\\/uploads\\\/2022\\\/03\\\/logo-linandelle.jpg\",\"contentUrl\":\"https:\\\/\\\/linandelle.com\\\/wp-content\\\/uploads\\\/2022\\\/03\\\/logo-linandelle.jpg\",\"width\":739,\"height\":738,\"caption\":\"Linandelle\"},\"image\":{\"@id\":\"https:\\\/\\\/linandelle.com\\\/fr\\\/#\\\/schema\\\/logo\\\/image\\\/\"},\"sameAs\":[\"https:\\\/\\\/www.facebook.com\\\/Linandelle\",\"https:\\\/\\\/www.instagram.com\\\/linandelle\\\/\",\"https:\\\/\\\/www.linkedin.com\\\/company\\\/18483801\\\/admin\\\/dashboard\\\/\",\"https:\\\/\\\/www.pinterest.fr\\\/linandelle\\\/_created\\\/\",\"https:\\\/\\\/www.youtube.com\\\/@linandellecharleval1016\"],\"email\":\"contact@linandelle.com\",\"telephone\":\"0232687800\",\"legalName\":\"SARL DU PONT DES JARDINS\",\"vatID\":\"FR27448856641\",\"taxID\":\"44885664100015\",\"numberOfEmployees\":{\"@type\":\"QuantitativeValue\",\"minValue\":\"1\",\"maxValue\":\"10\"}}]}<\/script>\n<!-- \/ Yoast SEO Premium plugin. -->","yoast_head_json":{"title":"Housse-de-couette-coton-molleton-flanelle-57fils-TOUDOUX","description":"Les housses de couette en coton molleton TOUDOUX sont id\u00e9ales pour passer des nuits chaleureuses. Coton 57 fils, taies et draps housses \u00e0 assortir.","robots":{"index":"index","follow":"follow","max-snippet":"max-snippet:-1","max-image-preview":"max-image-preview:large","max-video-preview":"max-video-preview:-1"},"canonical":"https:\/\/linandelle.com\/fr\/produit\/housse-de-couette-coton-57-fils-en-molleton-flanelle-toudoux\/","og_locale":"fr_FR","og_type":"article","og_title":"Housse-de-couette-coton-molleton-flanelle-57fils-TOUDOUX","og_description":"Les housses de couette en coton molleton TOUDOUX sont id\u00e9ales pour passer des nuits chaleureuses. Coton 57 fils, taies et draps housses \u00e0 assortir.","og_url":"https:\/\/linandelle.com\/fr\/produit\/housse-de-couette-coton-57-fils-en-molleton-flanelle-toudoux\/","og_site_name":"Linandelle","article_publisher":"https:\/\/www.facebook.com\/Linandelle","article_modified_time":"2026-04-08T01:18:28+00:00","og_image":[{"width":1200,"height":1200,"url":"https:\/\/linandelle.com\/wp-content\/uploads\/2024\/11\/DP-caramel-ambiance-V1.jpg","type":"image\/jpeg"}],"twitter_card":"summary_large_image","twitter_misc":{"Dur\u00e9e de lecture estim\u00e9e":"1 minute"},"schema":{"@context":"https:\/\/schema.org","@graph":[{"@type":"WebPage","@id":"https:\/\/linandelle.com\/fr\/produit\/housse-de-couette-coton-57-fils-en-molleton-flanelle-toudoux\/","url":"https:\/\/linandelle.com\/fr\/produit\/housse-de-couette-coton-57-fils-en-molleton-flanelle-toudoux\/","name":"Housse-de-couette-coton-molleton-flanelle-57fils-TOUDOUX","isPartOf":{"@id":"https:\/\/linandelle.com\/fr\/#website"},"primaryImageOfPage":{"@id":"https:\/\/linandelle.com\/fr\/produit\/housse-de-couette-coton-57-fils-en-molleton-flanelle-toudoux\/#primaryimage"},"image":{"@id":"https:\/\/linandelle.com\/fr\/produit\/housse-de-couette-coton-57-fils-en-molleton-flanelle-toudoux\/#primaryimage"},"thumbnailUrl":"https:\/\/linandelle.com\/wp-content\/uploads\/2024\/11\/DP-caramel-ambiance-V1.jpg","datePublished":"2026-02-19T11:19:35+00:00","dateModified":"2026-04-08T01:18:28+00:00","description":"Les housses de couette en coton molleton TOUDOUX sont id\u00e9ales pour passer des nuits chaleureuses. Coton 57 fils, taies et draps housses \u00e0 assortir.","breadcrumb":{"@id":"https:\/\/linandelle.com\/fr\/produit\/housse-de-couette-coton-57-fils-en-molleton-flanelle-toudoux\/#breadcrumb"},"inLanguage":"fr-FR","potentialAction":[{"@type":"ReadAction","target":["https:\/\/linandelle.com\/fr\/produit\/housse-de-couette-coton-57-fils-en-molleton-flanelle-toudoux\/"]}]},{"@type":"ImageObject","inLanguage":"fr-FR","@id":"https:\/\/linandelle.com\/fr\/produit\/housse-de-couette-coton-57-fils-en-molleton-flanelle-toudoux\/#primaryimage","url":"https:\/\/linandelle.com\/wp-content\/uploads\/2024\/11\/DP-caramel-ambiance-V1.jpg","contentUrl":"https:\/\/linandelle.com\/wp-content\/uploads\/2024\/11\/DP-caramel-ambiance-V1.jpg","width":1200,"height":1200},{"@type":"BreadcrumbList","@id":"https:\/\/linandelle.com\/fr\/produit\/housse-de-couette-coton-57-fils-en-molleton-flanelle-toudoux\/#breadcrumb","itemListElement":[{"@type":"ListItem","position":1,"name":"Produits","item":"https:\/\/linandelle.com\/fr\/shop\/"},{"@type":"ListItem","position":2,"name":"Housse de couette coton 57 fils en molleton flanelle TOUDOUX"}]},{"@type":"WebSite","@id":"https:\/\/linandelle.com\/fr\/#website","url":"https:\/\/linandelle.com\/fr\/","name":"Linandelle","description":"Linandelle, plus que du linge, l&#039;essentiel","publisher":{"@id":"https:\/\/linandelle.com\/fr\/#organization"},"potentialAction":[{"@type":"SearchAction","target":{"@type":"EntryPoint","urlTemplate":"https:\/\/linandelle.com\/fr\/?s={search_term_string}"},"query-input":{"@type":"PropertyValueSpecification","valueRequired":true,"valueName":"search_term_string"}}],"inLanguage":"fr-FR"},{"@type":"Organization","@id":"https:\/\/linandelle.com\/fr\/#organization","name":"Linandelle","url":"https:\/\/linandelle.com\/fr\/","logo":{"@type":"ImageObject","inLanguage":"fr-FR","@id":"https:\/\/linandelle.com\/fr\/#\/schema\/logo\/image\/","url":"https:\/\/linandelle.com\/wp-content\/uploads\/2022\/03\/logo-linandelle.jpg","contentUrl":"https:\/\/linandelle.com\/wp-content\/uploads\/2022\/03\/logo-linandelle.jpg","width":739,"height":738,"caption":"Linandelle"},"image":{"@id":"https:\/\/linandelle.com\/fr\/#\/schema\/logo\/image\/"},"sameAs":["https:\/\/www.facebook.com\/Linandelle","https:\/\/www.instagram.com\/linandelle\/","https:\/\/www.linkedin.com\/company\/18483801\/admin\/dashboard\/","https:\/\/www.pinterest.fr\/linandelle\/_created\/","https:\/\/www.youtube.com\/@linandellecharleval1016"],"email":"contact@linandelle.com","telephone":"0232687800","legalName":"SARL DU PONT DES JARDINS","vatID":"FR27448856641","taxID":"44885664100015","numberOfEmployees":{"@type":"QuantitativeValue","minValue":"1","maxValue":"10"}}]}},"_links":{"self":[{"href":"https:\/\/linandelle.com\/fr\/wp-json\/wp\/v2\/product\/88080","targetHints":{"allow":["GET"]}}],"collection":[{"href":"https:\/\/linandelle.com\/fr\/wp-json\/wp\/v2\/product"}],"about":[{"href":"https:\/\/linandelle.com\/fr\/wp-json\/wp\/v2\/types\/product"}],"wp:featuredmedia":[{"embeddable":true,"href":"https:\/\/linandelle.com\/fr\/wp-json\/wp\/v2\/media\/80516"}],"wp:attachment":[{"href":"https:\/\/linandelle.com\/fr\/wp-json\/wp\/v2\/media?parent=88080"}],"wp:term":[{"taxonomy":"product_brand","embeddable":true,"href":"https:\/\/linandelle.com\/fr\/wp-json\/wp\/v2\/product_brand?post=88080"},{"taxonomy":"product_cat","embeddable":true,"href":"https:\/\/linandelle.com\/fr\/wp-json\/wp\/v2\/product_cat?post=88080"},{"taxonomy":"product_tag","embeddable":true,"href":"https:\/\/linandelle.com\/fr\/wp-json\/wp\/v2\/product_tag?post=88080"},{"taxonomy":"woo-feed-brand","embeddable":true,"href":"https:\/\/linandelle.com\/fr\/wp-json\/wp\/v2\/woo-feed-brand?post=88080"}],"curies":[{"name":"wp","href":"https:\/\/api.w.org\/{rel}","templated":true}]}}