{"id":88201,"date":"2026-02-26T16:01:24","date_gmt":"2026-02-26T15:01:24","guid":{"rendered":"https:\/\/linandelle.com\/fr\/?post_type=product&#038;p=88201"},"modified":"2026-04-22T09:16:02","modified_gmt":"2026-04-22T07:16:02","slug":"taie-de-traversin-coton-molleton-toudoux","status":"publish","type":"product","link":"https:\/\/linandelle.com\/fr\/produit\/taie-de-traversin-coton-molleton-toudoux\/","title":{"rendered":"Taie de traversin 57 fils en molleton flanelle TOUDOUX"},"content":{"rendered":"<h2>Taie de traversin coton molleton TOUDOUX \u2013 Taie de traversin en flanelle 100 % coton douce et chaude<\/h2>\n<p>Apportez douceur et confort \u00e0 votre literie avec la <strong>taie de traversin TOUDOUX en coton molleton (flanelle)<\/strong>. Confectionn\u00e9e en <strong>100 % coton gratt\u00e9<\/strong>, cette <strong>taie de traversin douce et chaude<\/strong> est id\u00e9ale pour cr\u00e9er une ambiance cocooning, particuli\u00e8rement pendant les saisons fra\u00eeches.<\/p>\n<p>La flanelle de coton, reconnue pour son toucher peau de p\u00eache l\u00e9g\u00e8rement duveteux, procure une sensation de chaleur et de confort incomparable. Agr\u00e9able au toucher et respirante, cette taie de traversin en coton flanelle vous accompagne pour des nuits plus confortables.<\/p>\n<p>Pratique et r\u00e9sistante, la taie TOUDOUX est facile d\u2019entretien et con\u00e7ue pour durer. Elle s\u2019int\u00e8gre parfaitement \u00e0 votre linge de lit tout en apportant une touche de douceur et d\u2019\u00e9l\u00e9gance \u00e0 votre chambre.<\/p>\n<p>Gr\u00e2ce \u00e0 son coton molletonn\u00e9 de qualit\u00e9, cette taie de traversin flanelle offre un confort optimal tout en conservant la chaleur. Elle est id\u00e9ale pour compl\u00e9ter votre literie et profiter d\u2019un linge de lit doux, chaud et agr\u00e9able en hiver.<\/p>\n<p>Disponible en plusieurs dimensions et coloris, elle s\u2019adapte facilement \u00e0 votre traversin et \u00e0 votre d\u00e9coration int\u00e9rieure.<\/p>\n<p>Dans la m\u00eame gamme d\u00e9couvrez : <a href=\"https:\/\/linandelle.com\/fr\/produit\/housse-de-couette-coton-57-fils-en-molleton-flanelle-toudoux\/\">la housse de couette<\/a>, <a href=\"https:\/\/linandelle.com\/fr\/produit\/lot-de-2-taies-doreiller-coton-flanelle-toudoux\/\">les taies d&rsquo;oreillers<\/a>,<a href=\"https:\/\/linandelle.com\/fr\/produit\/drap-plat-coton-flanelle-57fils-toudoux\/\"> le drap pla<\/a>t, et <a href=\"https:\/\/linandelle.com\/fr\/produit\/drap-housse-en-molleton-flanelle-toudoux\/\">le drap housse.<\/a><\/p>\n<h2>Caract\u00e9ristiques de la taie de traversin TOUDOUX<\/h2>\n<ul>\n<li><strong>Taie de traversin vendue \u00e0 l\u2019unit\u00e9<\/strong><\/li>\n<li><strong>Mati\u00e8re : 100 % coton gratt\u00e9 flanelle (coton molleton)<\/strong><\/li>\n<li><strong>Toucher peau de p\u00eache tr\u00e8s doux<\/strong><\/li>\n<li><strong>Grammage : 200 g\/m\u00b2<\/strong><\/li>\n<li><strong>Formats disponibles : 45 \u00d7 140 cm et 45 \u00d7 190 cm<\/strong><\/li>\n<li><strong>Coloris disponibles : blanc, caramel<\/strong><\/li>\n<li><strong>Fabrication et confection au Portugal<\/strong><\/li>\n<li><strong>Label OEKO-TEX\u00ae garantissant l\u2019absence de substances nocives<\/strong><\/li>\n<\/ul>\n<p>&nbsp;<\/p>\n<h2>Entretien de la taie TOUDOUX<\/h2>\n<ul>\n<li><strong>Lavage en machine \u00e0 40 \u00b0C recommand\u00e9<\/strong><\/li>\n<li>Coloris grands teints pour une meilleure tenue dans le temps<\/li>\n<li>Il est conseill\u00e9 de <strong>laisser tremper \u00e0 froid 1 \u00e0 2 heures avant un premier lavage \u00e0 chaud<\/strong><\/li>\n<\/ul>\n","protected":false},"excerpt":{"rendered":"<p>Optez pour la housse de traversin en coton flanelle TOUDOUX<\/p>\n","protected":false},"featured_media":88441,"template":"","meta":{"_et_pb_use_builder":"","_et_pb_old_content":"","_et_gb_content_width":""},"product_brand":[710],"product_cat":[713,24,586,832],"product_tag":[],"woo-feed-brand":[],"class_list":{"0":"post-88201","1":"product","2":"type-product","3":"status-publish","4":"has-post-thumbnail","6":"product_brand-linandelle","7":"product_cat-selection-hiver","8":"product_cat-linge-de-lit","9":"product_cat-nouveautes-linandelle","10":"product_cat-taie-de-traversin","11":"tm-no-options","13":"first","14":"instock","15":"sale","16":"featured","17":"taxable","18":"shipping-taxable","19":"purchasable","20":"product-type-variable"},"yoast_head":"<!-- This site is optimized with the Yoast SEO Premium plugin v27.4 (Yoast SEO v27.4) - https:\/\/yoast.com\/product\/yoast-seo-premium-wordpress\/ -->\n<title>Taie de traversin en coton molleton flanelle 57 fils TOUDOUX<\/title>\n<meta name=\"description\" content=\"Une taie de traversin douce et chaleureuse c&#039;est la promesse de notre taie TOUDOUX, elle est confectionn\u00e9e \u00e0 partir d&#039;un coton longues fibres de qualit\u00e9.\" \/>\n<meta name=\"robots\" content=\"index, follow, max-snippet:-1, max-image-preview:large, max-video-preview:-1\" \/>\n<link rel=\"canonical\" href=\"https:\/\/linandelle.com\/fr\/produit\/taie-de-traversin-coton-molleton-toudoux\/\" \/>\n<meta property=\"og:locale\" content=\"fr_FR\" \/>\n<meta property=\"og:type\" content=\"article\" \/>\n<meta property=\"og:title\" content=\"Taie de traversin en coton molleton flanelle 57 fils TOUDOUX\" \/>\n<meta property=\"og:description\" content=\"Une taie de traversin douce et chaleureuse c&#039;est la promesse de notre taie TOUDOUX, elle est confectionn\u00e9e \u00e0 partir d&#039;un coton longues fibres de qualit\u00e9.\" \/>\n<meta property=\"og:url\" content=\"https:\/\/linandelle.com\/fr\/produit\/taie-de-traversin-coton-molleton-toudoux\/\" \/>\n<meta property=\"og:site_name\" content=\"Linandelle\" \/>\n<meta property=\"article:publisher\" content=\"https:\/\/www.facebook.com\/Linandelle\" \/>\n<meta property=\"article:modified_time\" content=\"2026-04-22T07:16:02+00:00\" \/>\n<meta property=\"og:image\" content=\"https:\/\/linandelle.com\/wp-content\/uploads\/2026\/02\/taie-traversin-toudou-caramel.jpg\" \/>\n\t<meta property=\"og:image:width\" content=\"1200\" \/>\n\t<meta property=\"og:image:height\" content=\"1200\" \/>\n\t<meta property=\"og:image:type\" content=\"image\/jpeg\" \/>\n<meta name=\"twitter:card\" content=\"summary_large_image\" \/>\n<meta name=\"twitter:label1\" content=\"Dur\u00e9e de lecture estim\u00e9e\" \/>\n\t<meta name=\"twitter:data1\" content=\"2 minutes\" \/>\n<script type=\"application\/ld+json\" class=\"yoast-schema-graph\">{\"@context\":\"https:\\\/\\\/schema.org\",\"@graph\":[{\"@type\":\"WebPage\",\"@id\":\"https:\\\/\\\/linandelle.com\\\/fr\\\/produit\\\/taie-de-traversin-coton-molleton-toudoux\\\/\",\"url\":\"https:\\\/\\\/linandelle.com\\\/fr\\\/produit\\\/taie-de-traversin-coton-molleton-toudoux\\\/\",\"name\":\"Taie de traversin en coton molleton flanelle 57 fils TOUDOUX\",\"isPartOf\":{\"@id\":\"https:\\\/\\\/linandelle.com\\\/fr\\\/#website\"},\"primaryImageOfPage\":{\"@id\":\"https:\\\/\\\/linandelle.com\\\/fr\\\/produit\\\/taie-de-traversin-coton-molleton-toudoux\\\/#primaryimage\"},\"image\":{\"@id\":\"https:\\\/\\\/linandelle.com\\\/fr\\\/produit\\\/taie-de-traversin-coton-molleton-toudoux\\\/#primaryimage\"},\"thumbnailUrl\":\"https:\\\/\\\/linandelle.com\\\/wp-content\\\/uploads\\\/2026\\\/02\\\/taie-traversin-toudou-caramel.jpg\",\"datePublished\":\"2026-02-26T15:01:24+00:00\",\"dateModified\":\"2026-04-22T07:16:02+00:00\",\"description\":\"Une taie de traversin douce et chaleureuse c'est la promesse de notre taie TOUDOUX, elle est confectionn\u00e9e \u00e0 partir d'un coton longues fibres de qualit\u00e9.\",\"breadcrumb\":{\"@id\":\"https:\\\/\\\/linandelle.com\\\/fr\\\/produit\\\/taie-de-traversin-coton-molleton-toudoux\\\/#breadcrumb\"},\"inLanguage\":\"fr-FR\",\"potentialAction\":[{\"@type\":\"ReadAction\",\"target\":[\"https:\\\/\\\/linandelle.com\\\/fr\\\/produit\\\/taie-de-traversin-coton-molleton-toudoux\\\/\"]}]},{\"@type\":\"ImageObject\",\"inLanguage\":\"fr-FR\",\"@id\":\"https:\\\/\\\/linandelle.com\\\/fr\\\/produit\\\/taie-de-traversin-coton-molleton-toudoux\\\/#primaryimage\",\"url\":\"https:\\\/\\\/linandelle.com\\\/wp-content\\\/uploads\\\/2026\\\/02\\\/taie-traversin-toudou-caramel.jpg\",\"contentUrl\":\"https:\\\/\\\/linandelle.com\\\/wp-content\\\/uploads\\\/2026\\\/02\\\/taie-traversin-toudou-caramel.jpg\",\"width\":1200,\"height\":1200},{\"@type\":\"BreadcrumbList\",\"@id\":\"https:\\\/\\\/linandelle.com\\\/fr\\\/produit\\\/taie-de-traversin-coton-molleton-toudoux\\\/#breadcrumb\",\"itemListElement\":[{\"@type\":\"ListItem\",\"position\":1,\"name\":\"Produits\",\"item\":\"https:\\\/\\\/linandelle.com\\\/fr\\\/shop\\\/\"},{\"@type\":\"ListItem\",\"position\":2,\"name\":\"Taie de traversin 57 fils en molleton flanelle TOUDOUX\"}]},{\"@type\":\"WebSite\",\"@id\":\"https:\\\/\\\/linandelle.com\\\/fr\\\/#website\",\"url\":\"https:\\\/\\\/linandelle.com\\\/fr\\\/\",\"name\":\"Linandelle\",\"description\":\"Linandelle, plus que du linge, l&#039;essentiel\",\"publisher\":{\"@id\":\"https:\\\/\\\/linandelle.com\\\/fr\\\/#organization\"},\"potentialAction\":[{\"@type\":\"SearchAction\",\"target\":{\"@type\":\"EntryPoint\",\"urlTemplate\":\"https:\\\/\\\/linandelle.com\\\/fr\\\/?s={search_term_string}\"},\"query-input\":{\"@type\":\"PropertyValueSpecification\",\"valueRequired\":true,\"valueName\":\"search_term_string\"}}],\"inLanguage\":\"fr-FR\"},{\"@type\":\"Organization\",\"@id\":\"https:\\\/\\\/linandelle.com\\\/fr\\\/#organization\",\"name\":\"Linandelle\",\"url\":\"https:\\\/\\\/linandelle.com\\\/fr\\\/\",\"logo\":{\"@type\":\"ImageObject\",\"inLanguage\":\"fr-FR\",\"@id\":\"https:\\\/\\\/linandelle.com\\\/fr\\\/#\\\/schema\\\/logo\\\/image\\\/\",\"url\":\"https:\\\/\\\/linandelle.com\\\/wp-content\\\/uploads\\\/2022\\\/03\\\/logo-linandelle.jpg\",\"contentUrl\":\"https:\\\/\\\/linandelle.com\\\/wp-content\\\/uploads\\\/2022\\\/03\\\/logo-linandelle.jpg\",\"width\":739,\"height\":738,\"caption\":\"Linandelle\"},\"image\":{\"@id\":\"https:\\\/\\\/linandelle.com\\\/fr\\\/#\\\/schema\\\/logo\\\/image\\\/\"},\"sameAs\":[\"https:\\\/\\\/www.facebook.com\\\/Linandelle\",\"https:\\\/\\\/www.instagram.com\\\/linandelle\\\/\",\"https:\\\/\\\/www.linkedin.com\\\/company\\\/18483801\\\/admin\\\/dashboard\\\/\",\"https:\\\/\\\/www.pinterest.fr\\\/linandelle\\\/_created\\\/\",\"https:\\\/\\\/www.youtube.com\\\/@linandellecharleval1016\"],\"email\":\"contact@linandelle.com\",\"telephone\":\"0232687800\",\"legalName\":\"SARL DU PONT DES JARDINS\",\"vatID\":\"FR27448856641\",\"taxID\":\"44885664100015\",\"numberOfEmployees\":{\"@type\":\"QuantitativeValue\",\"minValue\":\"1\",\"maxValue\":\"10\"}}]}<\/script>\n<!-- \/ Yoast SEO Premium plugin. -->","yoast_head_json":{"title":"Taie de traversin en coton molleton flanelle 57 fils TOUDOUX","description":"Une taie de traversin douce et chaleureuse c'est la promesse de notre taie TOUDOUX, elle est confectionn\u00e9e \u00e0 partir d'un coton longues fibres de qualit\u00e9.","robots":{"index":"index","follow":"follow","max-snippet":"max-snippet:-1","max-image-preview":"max-image-preview:large","max-video-preview":"max-video-preview:-1"},"canonical":"https:\/\/linandelle.com\/fr\/produit\/taie-de-traversin-coton-molleton-toudoux\/","og_locale":"fr_FR","og_type":"article","og_title":"Taie de traversin en coton molleton flanelle 57 fils TOUDOUX","og_description":"Une taie de traversin douce et chaleureuse c'est la promesse de notre taie TOUDOUX, elle est confectionn\u00e9e \u00e0 partir d'un coton longues fibres de qualit\u00e9.","og_url":"https:\/\/linandelle.com\/fr\/produit\/taie-de-traversin-coton-molleton-toudoux\/","og_site_name":"Linandelle","article_publisher":"https:\/\/www.facebook.com\/Linandelle","article_modified_time":"2026-04-22T07:16:02+00:00","og_image":[{"width":1200,"height":1200,"url":"https:\/\/linandelle.com\/wp-content\/uploads\/2026\/02\/taie-traversin-toudou-caramel.jpg","type":"image\/jpeg"}],"twitter_card":"summary_large_image","twitter_misc":{"Dur\u00e9e de lecture estim\u00e9e":"2 minutes"},"schema":{"@context":"https:\/\/schema.org","@graph":[{"@type":"WebPage","@id":"https:\/\/linandelle.com\/fr\/produit\/taie-de-traversin-coton-molleton-toudoux\/","url":"https:\/\/linandelle.com\/fr\/produit\/taie-de-traversin-coton-molleton-toudoux\/","name":"Taie de traversin en coton molleton flanelle 57 fils TOUDOUX","isPartOf":{"@id":"https:\/\/linandelle.com\/fr\/#website"},"primaryImageOfPage":{"@id":"https:\/\/linandelle.com\/fr\/produit\/taie-de-traversin-coton-molleton-toudoux\/#primaryimage"},"image":{"@id":"https:\/\/linandelle.com\/fr\/produit\/taie-de-traversin-coton-molleton-toudoux\/#primaryimage"},"thumbnailUrl":"https:\/\/linandelle.com\/wp-content\/uploads\/2026\/02\/taie-traversin-toudou-caramel.jpg","datePublished":"2026-02-26T15:01:24+00:00","dateModified":"2026-04-22T07:16:02+00:00","description":"Une taie de traversin douce et chaleureuse c'est la promesse de notre taie TOUDOUX, elle est confectionn\u00e9e \u00e0 partir d'un coton longues fibres de qualit\u00e9.","breadcrumb":{"@id":"https:\/\/linandelle.com\/fr\/produit\/taie-de-traversin-coton-molleton-toudoux\/#breadcrumb"},"inLanguage":"fr-FR","potentialAction":[{"@type":"ReadAction","target":["https:\/\/linandelle.com\/fr\/produit\/taie-de-traversin-coton-molleton-toudoux\/"]}]},{"@type":"ImageObject","inLanguage":"fr-FR","@id":"https:\/\/linandelle.com\/fr\/produit\/taie-de-traversin-coton-molleton-toudoux\/#primaryimage","url":"https:\/\/linandelle.com\/wp-content\/uploads\/2026\/02\/taie-traversin-toudou-caramel.jpg","contentUrl":"https:\/\/linandelle.com\/wp-content\/uploads\/2026\/02\/taie-traversin-toudou-caramel.jpg","width":1200,"height":1200},{"@type":"BreadcrumbList","@id":"https:\/\/linandelle.com\/fr\/produit\/taie-de-traversin-coton-molleton-toudoux\/#breadcrumb","itemListElement":[{"@type":"ListItem","position":1,"name":"Produits","item":"https:\/\/linandelle.com\/fr\/shop\/"},{"@type":"ListItem","position":2,"name":"Taie de traversin 57 fils en molleton flanelle TOUDOUX"}]},{"@type":"WebSite","@id":"https:\/\/linandelle.com\/fr\/#website","url":"https:\/\/linandelle.com\/fr\/","name":"Linandelle","description":"Linandelle, plus que du linge, l&#039;essentiel","publisher":{"@id":"https:\/\/linandelle.com\/fr\/#organization"},"potentialAction":[{"@type":"SearchAction","target":{"@type":"EntryPoint","urlTemplate":"https:\/\/linandelle.com\/fr\/?s={search_term_string}"},"query-input":{"@type":"PropertyValueSpecification","valueRequired":true,"valueName":"search_term_string"}}],"inLanguage":"fr-FR"},{"@type":"Organization","@id":"https:\/\/linandelle.com\/fr\/#organization","name":"Linandelle","url":"https:\/\/linandelle.com\/fr\/","logo":{"@type":"ImageObject","inLanguage":"fr-FR","@id":"https:\/\/linandelle.com\/fr\/#\/schema\/logo\/image\/","url":"https:\/\/linandelle.com\/wp-content\/uploads\/2022\/03\/logo-linandelle.jpg","contentUrl":"https:\/\/linandelle.com\/wp-content\/uploads\/2022\/03\/logo-linandelle.jpg","width":739,"height":738,"caption":"Linandelle"},"image":{"@id":"https:\/\/linandelle.com\/fr\/#\/schema\/logo\/image\/"},"sameAs":["https:\/\/www.facebook.com\/Linandelle","https:\/\/www.instagram.com\/linandelle\/","https:\/\/www.linkedin.com\/company\/18483801\/admin\/dashboard\/","https:\/\/www.pinterest.fr\/linandelle\/_created\/","https:\/\/www.youtube.com\/@linandellecharleval1016"],"email":"contact@linandelle.com","telephone":"0232687800","legalName":"SARL DU PONT DES JARDINS","vatID":"FR27448856641","taxID":"44885664100015","numberOfEmployees":{"@type":"QuantitativeValue","minValue":"1","maxValue":"10"}}]}},"_links":{"self":[{"href":"https:\/\/linandelle.com\/fr\/wp-json\/wp\/v2\/product\/88201","targetHints":{"allow":["GET"]}}],"collection":[{"href":"https:\/\/linandelle.com\/fr\/wp-json\/wp\/v2\/product"}],"about":[{"href":"https:\/\/linandelle.com\/fr\/wp-json\/wp\/v2\/types\/product"}],"wp:featuredmedia":[{"embeddable":true,"href":"https:\/\/linandelle.com\/fr\/wp-json\/wp\/v2\/media\/88441"}],"wp:attachment":[{"href":"https:\/\/linandelle.com\/fr\/wp-json\/wp\/v2\/media?parent=88201"}],"wp:term":[{"taxonomy":"product_brand","embeddable":true,"href":"https:\/\/linandelle.com\/fr\/wp-json\/wp\/v2\/product_brand?post=88201"},{"taxonomy":"product_cat","embeddable":true,"href":"https:\/\/linandelle.com\/fr\/wp-json\/wp\/v2\/product_cat?post=88201"},{"taxonomy":"product_tag","embeddable":true,"href":"https:\/\/linandelle.com\/fr\/wp-json\/wp\/v2\/product_tag?post=88201"},{"taxonomy":"woo-feed-brand","embeddable":true,"href":"https:\/\/linandelle.com\/fr\/wp-json\/wp\/v2\/woo-feed-brand?post=88201"}],"curies":[{"name":"wp","href":"https:\/\/api.w.org\/{rel}","templated":true}]}}