{"id":88506,"date":"2026-03-11T17:27:10","date_gmt":"2026-03-11T16:27:10","guid":{"rendered":"https:\/\/linandelle.com\/fr\/?post_type=product&#038;p=88506"},"modified":"2026-04-22T09:15:10","modified_gmt":"2026-04-22T07:15:10","slug":"lot-de-6-mouchoirs-en-tissus-coton-imprimes-fleuris-flora","status":"publish","type":"product","link":"https:\/\/linandelle.com\/fr\/produit\/lot-de-6-mouchoirs-en-tissus-coton-imprimes-fleuris-flora\/","title":{"rendered":"Lot de 6 mouchoirs en tissus coton imprim\u00e9s fleuris FLORA"},"content":{"rendered":"<div class=\"et_pb_all_tabs\">\n<div class=\"et_pb_tab clearfix et_pb_active_content et-pb-active-slide\">\n<div class=\"et_pb_tab_content\">\n<h2><u>Mouchoirs tissus 100% coton femme FLORA<\/u><\/h2>\n<p>Lot de mouchoirs \u00e9l\u00e9gants en coton 100 %, doux et agr\u00e9ables pour la peau.<\/p>\n<p>Leur joli imprim\u00e9 fleuri apporte une touche f\u00e9minine et d\u00e9licate. R\u00e9utilisables et lavables, ils sont \u00e0 la fois pratiques, \u00e9cologiques et parfaits pour un usage quotidien.<\/p>\n<p>C&rsquo;est \u00e9galement une superbe id\u00e9e de cadeau.<\/p>\n<p>Vous pouvez personnaliser ces mouchoirs en tissu avec vos initiales par exemple, vous avez la possibilit\u00e9 de choisir le coloris de la broderie et le style de police.<\/p>\n<p>Ce lot de 6 mouchoirs imprim\u00e9 fleuri comprend :<\/p>\n<ul>\n<li>2 Mouchoirs liser\u00e9 rose<\/li>\n<li>Mouchoirs liser\u00e9 violet<\/li>\n<li>2 mouchoirs liser\u00e9 bleu<\/li>\n<\/ul>\n<h3>Mouchoirs personnalisables par broderie<\/h3>\n<p>Pour rendre ces mouchoirs encore plus uniques, l\u2019<strong>option broderie personnalis\u00e9e<\/strong>\u00a0est disponible. Vous pouvez ajouter\u00a0<strong>des initiales<\/strong>\u00a0ou un petit texte, en choisissant\u00a0<strong>la couleur de la broderie et le style d\u2019\u00e9criture<\/strong>.<br \/>\nUne excellente id\u00e9e pour\u00a0<strong>personnaliser les affaires de votre enfant<\/strong>\u00a0ou offrir un\u00a0<strong>cadeau original et utile<\/strong>.<\/p>\n<h3>Caract\u00e9ristiques du lot de mouchoirs :<\/h3>\n<ul>\n<li>100% coton<\/li>\n<li>Vendu par lot de 6<\/li>\n<li>99 gr m\u00b2<\/li>\n<li>Taille : 30x30cm.<\/li>\n<li>Finition festonn\u00e9e<\/li>\n<li>Fabriqu\u00e9 en U.E.<\/li>\n<li>Lavable en machine \u00e0 40\u00b0C<\/li>\n<li>Norme Oeko Tex<\/li>\n<\/ul>\n<p>\u2022 Ce produit lab\u00e9llis\u00e9 STANDARD 100 by OEKO-TEX\u00ae &#8211; certificat n\u00b0 CQ 1102\/4 IFTH suit un processus de fabrication certifi\u00e9 et contr\u00f4l\u00e9, respectueux de votre peau.<br \/>\n\u2022 Le STANDARD 100 by OEKO-TEX\u00ae est le premier label qui r\u00e9pond aux besoins des consommateurs en mati\u00e8re d\u2019\u00e9cologie humaine. Il garantit l\u2019absence, dans les articles certifi\u00e9s de substances nocives ou pouvant pr\u00e9senter un risque pour la san<\/p>\n<\/div>\n<\/div>\n<\/div>\n","protected":false},"excerpt":{"rendered":"<div class=\"et_pb_module et_pb_wc_description et_pb_wc_description_0_tb_body et_pb_bg_layout_light et_pb_text_align_left\">\n<div class=\"et_pb_module_inner\">\n<div class=\"et_pb_module et_pb_wc_description et_pb_wc_description_0_tb_body et_pb_bg_layout_light et_pb_text_align_left\">\n<div class=\"et_pb_module_inner\">\n<p>D\u00e9couvrez le lot de 6 mouchoirs coton Flora, l&rsquo;option broderie est disponible ce qui vous permet de rendre vos mouchoirs uniques! Un pr\u00e9nom, un surnom.. Laissez parler votre imagination.<\/p>\n<\/div>\n<\/div>\n<\/div>\n<\/div>\n<div class=\"et_pb_module et_pb_wc_price et_pb_wc_price_0_tb_body prix-produit et_pb_text_align_left\">\n<div class=\"et_pb_module_inner\"><\/div>\n<\/div>\n","protected":false},"featured_media":88518,"template":"","meta":{"_et_pb_use_builder":"","_et_pb_old_content":"","_et_gb_content_width":""},"product_brand":[710],"product_cat":[325,841,636,27],"product_tag":[],"woo-feed-brand":[],"class_list":{"0":"post-88506","1":"product","2":"type-product","3":"status-publish","4":"has-post-thumbnail","6":"product_brand-linandelle","7":"product_cat-mouchoirs-a-broder","8":"product_cat-mouchoirs-tissus","9":"product_cat-noel","10":"product_cat-table","11":"tm-has-options","13":"first","14":"instock","15":"sale","16":"featured","17":"taxable","18":"shipping-taxable","19":"purchasable","20":"product-type-simple"},"yoast_head":"<!-- This site is optimized with the Yoast SEO Premium plugin v27.4 (Yoast SEO v27.4) - https:\/\/yoast.com\/product\/yoast-seo-premium-wordpress\/ -->\n<title>Lot de 6 mouchoirs femme en tissu \u00e0 motifs fleuris FLORA<\/title>\n<meta name=\"description\" content=\"Lot de 6 mouchoirs femme FLORA, 100% coton, 30x30cm, plus \u00e9cologique, c\u2019est aussi une superbe id\u00e9e cadeau que vous pouvez personnaliser par une broderie.\" \/>\n<meta name=\"robots\" content=\"index, follow, max-snippet:-1, max-image-preview:large, max-video-preview:-1\" \/>\n<link rel=\"canonical\" href=\"https:\/\/linandelle.com\/fr\/produit\/lot-de-6-mouchoirs-en-tissus-coton-imprimes-fleuris-flora\/\" \/>\n<meta property=\"og:locale\" content=\"fr_FR\" \/>\n<meta property=\"og:type\" content=\"article\" \/>\n<meta property=\"og:title\" content=\"Lot de 6 mouchoirs femme en tissu \u00e0 motifs fleuris FLORA\" \/>\n<meta property=\"og:description\" content=\"Lot de 6 mouchoirs femme FLORA, 100% coton, 30x30cm, plus \u00e9cologique, c\u2019est aussi une superbe id\u00e9e cadeau que vous pouvez personnaliser par une broderie.\" \/>\n<meta property=\"og:url\" content=\"https:\/\/linandelle.com\/fr\/produit\/lot-de-6-mouchoirs-en-tissus-coton-imprimes-fleuris-flora\/\" \/>\n<meta property=\"og:site_name\" content=\"Linandelle\" \/>\n<meta property=\"article:publisher\" content=\"https:\/\/www.facebook.com\/Linandelle\" \/>\n<meta property=\"article:modified_time\" content=\"2026-04-22T07:15:10+00:00\" \/>\n<meta property=\"og:image\" content=\"https:\/\/linandelle.com\/wp-content\/uploads\/2026\/03\/mouchoir-flora-carree-4.jpg\" \/>\n\t<meta property=\"og:image:width\" content=\"1200\" \/>\n\t<meta property=\"og:image:height\" content=\"1200\" \/>\n\t<meta property=\"og:image:type\" content=\"image\/jpeg\" \/>\n<meta name=\"twitter:card\" content=\"summary_large_image\" \/>\n<meta name=\"twitter:label1\" content=\"Dur\u00e9e de lecture estim\u00e9e\" \/>\n\t<meta name=\"twitter:data1\" content=\"2 minutes\" \/>\n<script type=\"application\/ld+json\" class=\"yoast-schema-graph\">{\"@context\":\"https:\\\/\\\/schema.org\",\"@graph\":[{\"@type\":\"WebPage\",\"@id\":\"https:\\\/\\\/linandelle.com\\\/fr\\\/produit\\\/lot-de-6-mouchoirs-en-tissus-coton-imprimes-fleuris-flora\\\/\",\"url\":\"https:\\\/\\\/linandelle.com\\\/fr\\\/produit\\\/lot-de-6-mouchoirs-en-tissus-coton-imprimes-fleuris-flora\\\/\",\"name\":\"Lot de 6 mouchoirs femme en tissu \u00e0 motifs fleuris FLORA\",\"isPartOf\":{\"@id\":\"https:\\\/\\\/linandelle.com\\\/fr\\\/#website\"},\"primaryImageOfPage\":{\"@id\":\"https:\\\/\\\/linandelle.com\\\/fr\\\/produit\\\/lot-de-6-mouchoirs-en-tissus-coton-imprimes-fleuris-flora\\\/#primaryimage\"},\"image\":{\"@id\":\"https:\\\/\\\/linandelle.com\\\/fr\\\/produit\\\/lot-de-6-mouchoirs-en-tissus-coton-imprimes-fleuris-flora\\\/#primaryimage\"},\"thumbnailUrl\":\"https:\\\/\\\/linandelle.com\\\/wp-content\\\/uploads\\\/2026\\\/03\\\/mouchoir-flora-carree-4.jpg\",\"datePublished\":\"2026-03-11T16:27:10+00:00\",\"dateModified\":\"2026-04-22T07:15:10+00:00\",\"description\":\"Lot de 6 mouchoirs femme FLORA, 100% coton, 30x30cm, plus \u00e9cologique, c\u2019est aussi une superbe id\u00e9e cadeau que vous pouvez personnaliser par une broderie.\",\"breadcrumb\":{\"@id\":\"https:\\\/\\\/linandelle.com\\\/fr\\\/produit\\\/lot-de-6-mouchoirs-en-tissus-coton-imprimes-fleuris-flora\\\/#breadcrumb\"},\"inLanguage\":\"fr-FR\",\"potentialAction\":[{\"@type\":\"ReadAction\",\"target\":[\"https:\\\/\\\/linandelle.com\\\/fr\\\/produit\\\/lot-de-6-mouchoirs-en-tissus-coton-imprimes-fleuris-flora\\\/\"]}]},{\"@type\":\"ImageObject\",\"inLanguage\":\"fr-FR\",\"@id\":\"https:\\\/\\\/linandelle.com\\\/fr\\\/produit\\\/lot-de-6-mouchoirs-en-tissus-coton-imprimes-fleuris-flora\\\/#primaryimage\",\"url\":\"https:\\\/\\\/linandelle.com\\\/wp-content\\\/uploads\\\/2026\\\/03\\\/mouchoir-flora-carree-4.jpg\",\"contentUrl\":\"https:\\\/\\\/linandelle.com\\\/wp-content\\\/uploads\\\/2026\\\/03\\\/mouchoir-flora-carree-4.jpg\",\"width\":1200,\"height\":1200},{\"@type\":\"BreadcrumbList\",\"@id\":\"https:\\\/\\\/linandelle.com\\\/fr\\\/produit\\\/lot-de-6-mouchoirs-en-tissus-coton-imprimes-fleuris-flora\\\/#breadcrumb\",\"itemListElement\":[{\"@type\":\"ListItem\",\"position\":1,\"name\":\"Produits\",\"item\":\"https:\\\/\\\/linandelle.com\\\/fr\\\/shop\\\/\"},{\"@type\":\"ListItem\",\"position\":2,\"name\":\"Lot de 6 mouchoirs en tissus coton imprim\u00e9s fleuris FLORA\"}]},{\"@type\":\"WebSite\",\"@id\":\"https:\\\/\\\/linandelle.com\\\/fr\\\/#website\",\"url\":\"https:\\\/\\\/linandelle.com\\\/fr\\\/\",\"name\":\"Linandelle\",\"description\":\"Linandelle, plus que du linge, l&#039;essentiel\",\"publisher\":{\"@id\":\"https:\\\/\\\/linandelle.com\\\/fr\\\/#organization\"},\"potentialAction\":[{\"@type\":\"SearchAction\",\"target\":{\"@type\":\"EntryPoint\",\"urlTemplate\":\"https:\\\/\\\/linandelle.com\\\/fr\\\/?s={search_term_string}\"},\"query-input\":{\"@type\":\"PropertyValueSpecification\",\"valueRequired\":true,\"valueName\":\"search_term_string\"}}],\"inLanguage\":\"fr-FR\"},{\"@type\":\"Organization\",\"@id\":\"https:\\\/\\\/linandelle.com\\\/fr\\\/#organization\",\"name\":\"Linandelle\",\"url\":\"https:\\\/\\\/linandelle.com\\\/fr\\\/\",\"logo\":{\"@type\":\"ImageObject\",\"inLanguage\":\"fr-FR\",\"@id\":\"https:\\\/\\\/linandelle.com\\\/fr\\\/#\\\/schema\\\/logo\\\/image\\\/\",\"url\":\"https:\\\/\\\/linandelle.com\\\/wp-content\\\/uploads\\\/2022\\\/03\\\/logo-linandelle.jpg\",\"contentUrl\":\"https:\\\/\\\/linandelle.com\\\/wp-content\\\/uploads\\\/2022\\\/03\\\/logo-linandelle.jpg\",\"width\":739,\"height\":738,\"caption\":\"Linandelle\"},\"image\":{\"@id\":\"https:\\\/\\\/linandelle.com\\\/fr\\\/#\\\/schema\\\/logo\\\/image\\\/\"},\"sameAs\":[\"https:\\\/\\\/www.facebook.com\\\/Linandelle\",\"https:\\\/\\\/www.instagram.com\\\/linandelle\\\/\",\"https:\\\/\\\/www.linkedin.com\\\/company\\\/18483801\\\/admin\\\/dashboard\\\/\",\"https:\\\/\\\/www.pinterest.fr\\\/linandelle\\\/_created\\\/\",\"https:\\\/\\\/www.youtube.com\\\/@linandellecharleval1016\"],\"email\":\"contact@linandelle.com\",\"telephone\":\"0232687800\",\"legalName\":\"SARL DU PONT DES JARDINS\",\"vatID\":\"FR27448856641\",\"taxID\":\"44885664100015\",\"numberOfEmployees\":{\"@type\":\"QuantitativeValue\",\"minValue\":\"1\",\"maxValue\":\"10\"}}]}<\/script>\n<!-- \/ Yoast SEO Premium plugin. -->","yoast_head_json":{"title":"Lot de 6 mouchoirs femme en tissu \u00e0 motifs fleuris FLORA","description":"Lot de 6 mouchoirs femme FLORA, 100% coton, 30x30cm, plus \u00e9cologique, c\u2019est aussi une superbe id\u00e9e cadeau que vous pouvez personnaliser par une broderie.","robots":{"index":"index","follow":"follow","max-snippet":"max-snippet:-1","max-image-preview":"max-image-preview:large","max-video-preview":"max-video-preview:-1"},"canonical":"https:\/\/linandelle.com\/fr\/produit\/lot-de-6-mouchoirs-en-tissus-coton-imprimes-fleuris-flora\/","og_locale":"fr_FR","og_type":"article","og_title":"Lot de 6 mouchoirs femme en tissu \u00e0 motifs fleuris FLORA","og_description":"Lot de 6 mouchoirs femme FLORA, 100% coton, 30x30cm, plus \u00e9cologique, c\u2019est aussi une superbe id\u00e9e cadeau que vous pouvez personnaliser par une broderie.","og_url":"https:\/\/linandelle.com\/fr\/produit\/lot-de-6-mouchoirs-en-tissus-coton-imprimes-fleuris-flora\/","og_site_name":"Linandelle","article_publisher":"https:\/\/www.facebook.com\/Linandelle","article_modified_time":"2026-04-22T07:15:10+00:00","og_image":[{"width":1200,"height":1200,"url":"https:\/\/linandelle.com\/wp-content\/uploads\/2026\/03\/mouchoir-flora-carree-4.jpg","type":"image\/jpeg"}],"twitter_card":"summary_large_image","twitter_misc":{"Dur\u00e9e de lecture estim\u00e9e":"2 minutes"},"schema":{"@context":"https:\/\/schema.org","@graph":[{"@type":"WebPage","@id":"https:\/\/linandelle.com\/fr\/produit\/lot-de-6-mouchoirs-en-tissus-coton-imprimes-fleuris-flora\/","url":"https:\/\/linandelle.com\/fr\/produit\/lot-de-6-mouchoirs-en-tissus-coton-imprimes-fleuris-flora\/","name":"Lot de 6 mouchoirs femme en tissu \u00e0 motifs fleuris FLORA","isPartOf":{"@id":"https:\/\/linandelle.com\/fr\/#website"},"primaryImageOfPage":{"@id":"https:\/\/linandelle.com\/fr\/produit\/lot-de-6-mouchoirs-en-tissus-coton-imprimes-fleuris-flora\/#primaryimage"},"image":{"@id":"https:\/\/linandelle.com\/fr\/produit\/lot-de-6-mouchoirs-en-tissus-coton-imprimes-fleuris-flora\/#primaryimage"},"thumbnailUrl":"https:\/\/linandelle.com\/wp-content\/uploads\/2026\/03\/mouchoir-flora-carree-4.jpg","datePublished":"2026-03-11T16:27:10+00:00","dateModified":"2026-04-22T07:15:10+00:00","description":"Lot de 6 mouchoirs femme FLORA, 100% coton, 30x30cm, plus \u00e9cologique, c\u2019est aussi une superbe id\u00e9e cadeau que vous pouvez personnaliser par une broderie.","breadcrumb":{"@id":"https:\/\/linandelle.com\/fr\/produit\/lot-de-6-mouchoirs-en-tissus-coton-imprimes-fleuris-flora\/#breadcrumb"},"inLanguage":"fr-FR","potentialAction":[{"@type":"ReadAction","target":["https:\/\/linandelle.com\/fr\/produit\/lot-de-6-mouchoirs-en-tissus-coton-imprimes-fleuris-flora\/"]}]},{"@type":"ImageObject","inLanguage":"fr-FR","@id":"https:\/\/linandelle.com\/fr\/produit\/lot-de-6-mouchoirs-en-tissus-coton-imprimes-fleuris-flora\/#primaryimage","url":"https:\/\/linandelle.com\/wp-content\/uploads\/2026\/03\/mouchoir-flora-carree-4.jpg","contentUrl":"https:\/\/linandelle.com\/wp-content\/uploads\/2026\/03\/mouchoir-flora-carree-4.jpg","width":1200,"height":1200},{"@type":"BreadcrumbList","@id":"https:\/\/linandelle.com\/fr\/produit\/lot-de-6-mouchoirs-en-tissus-coton-imprimes-fleuris-flora\/#breadcrumb","itemListElement":[{"@type":"ListItem","position":1,"name":"Produits","item":"https:\/\/linandelle.com\/fr\/shop\/"},{"@type":"ListItem","position":2,"name":"Lot de 6 mouchoirs en tissus coton imprim\u00e9s fleuris FLORA"}]},{"@type":"WebSite","@id":"https:\/\/linandelle.com\/fr\/#website","url":"https:\/\/linandelle.com\/fr\/","name":"Linandelle","description":"Linandelle, plus que du linge, l&#039;essentiel","publisher":{"@id":"https:\/\/linandelle.com\/fr\/#organization"},"potentialAction":[{"@type":"SearchAction","target":{"@type":"EntryPoint","urlTemplate":"https:\/\/linandelle.com\/fr\/?s={search_term_string}"},"query-input":{"@type":"PropertyValueSpecification","valueRequired":true,"valueName":"search_term_string"}}],"inLanguage":"fr-FR"},{"@type":"Organization","@id":"https:\/\/linandelle.com\/fr\/#organization","name":"Linandelle","url":"https:\/\/linandelle.com\/fr\/","logo":{"@type":"ImageObject","inLanguage":"fr-FR","@id":"https:\/\/linandelle.com\/fr\/#\/schema\/logo\/image\/","url":"https:\/\/linandelle.com\/wp-content\/uploads\/2022\/03\/logo-linandelle.jpg","contentUrl":"https:\/\/linandelle.com\/wp-content\/uploads\/2022\/03\/logo-linandelle.jpg","width":739,"height":738,"caption":"Linandelle"},"image":{"@id":"https:\/\/linandelle.com\/fr\/#\/schema\/logo\/image\/"},"sameAs":["https:\/\/www.facebook.com\/Linandelle","https:\/\/www.instagram.com\/linandelle\/","https:\/\/www.linkedin.com\/company\/18483801\/admin\/dashboard\/","https:\/\/www.pinterest.fr\/linandelle\/_created\/","https:\/\/www.youtube.com\/@linandellecharleval1016"],"email":"contact@linandelle.com","telephone":"0232687800","legalName":"SARL DU PONT DES JARDINS","vatID":"FR27448856641","taxID":"44885664100015","numberOfEmployees":{"@type":"QuantitativeValue","minValue":"1","maxValue":"10"}}]}},"_links":{"self":[{"href":"https:\/\/linandelle.com\/fr\/wp-json\/wp\/v2\/product\/88506","targetHints":{"allow":["GET"]}}],"collection":[{"href":"https:\/\/linandelle.com\/fr\/wp-json\/wp\/v2\/product"}],"about":[{"href":"https:\/\/linandelle.com\/fr\/wp-json\/wp\/v2\/types\/product"}],"wp:featuredmedia":[{"embeddable":true,"href":"https:\/\/linandelle.com\/fr\/wp-json\/wp\/v2\/media\/88518"}],"wp:attachment":[{"href":"https:\/\/linandelle.com\/fr\/wp-json\/wp\/v2\/media?parent=88506"}],"wp:term":[{"taxonomy":"product_brand","embeddable":true,"href":"https:\/\/linandelle.com\/fr\/wp-json\/wp\/v2\/product_brand?post=88506"},{"taxonomy":"product_cat","embeddable":true,"href":"https:\/\/linandelle.com\/fr\/wp-json\/wp\/v2\/product_cat?post=88506"},{"taxonomy":"product_tag","embeddable":true,"href":"https:\/\/linandelle.com\/fr\/wp-json\/wp\/v2\/product_tag?post=88506"},{"taxonomy":"woo-feed-brand","embeddable":true,"href":"https:\/\/linandelle.com\/fr\/wp-json\/wp\/v2\/woo-feed-brand?post=88506"}],"curies":[{"name":"wp","href":"https:\/\/api.w.org\/{rel}","templated":true}]}}