{"id":88609,"date":"2026-03-12T15:24:14","date_gmt":"2026-03-12T14:24:14","guid":{"rendered":"https:\/\/linandelle.com\/fr\/?post_type=product&#038;p=88609"},"modified":"2026-04-22T12:33:25","modified_gmt":"2026-04-22T10:33:25","slug":"lot-de-12-mouchoirs-100-coton-victor","status":"publish","type":"product","link":"https:\/\/linandelle.com\/fr\/produit\/lot-de-12-mouchoirs-100-coton-victor\/","title":{"rendered":"Lot de 12 mouchoirs 100% coton VICTOR"},"content":{"rendered":"<h2 data-start=\"113\" data-end=\"165\"><strong data-start=\"113\" data-end=\"165\">Lot de 12 mouchoirs 100% coton imprim\u00e9s VICTOR<\/strong><\/h2>\n<p data-start=\"167\" data-end=\"342\">D\u00e9couvrez l\u2019incontournable <strong data-start=\"194\" data-end=\"234\">mouchoir en tissu 100 % coton VICTOR<\/strong>. Doux, r\u00e9sistants et \u00e9l\u00e9gants, ces <strong data-start=\"270\" data-end=\"292\">mouchoirs en coton<\/strong> sont parfaits pour vous accompagner au quotidien.<\/p>\n<p data-start=\"344\" data-end=\"563\">Pratiques et durables, ces mouchoirs en tissu lavables et r\u00e9utilisables constituent une alternative \u00e9cologique aux mouchoirs jetables. Un petit geste simple pour r\u00e9duire les d\u00e9chets et pr\u00e9server l\u2019environnement.<\/p>\n<p data-start=\"344\" data-end=\"563\">Ce lot est compos\u00e9 :<\/p>\n<ul>\n<li data-start=\"344\" data-end=\"563\">4 mouchoirs gris<\/li>\n<li data-start=\"344\" data-end=\"563\">4 mouchoirs beiges<\/li>\n<li data-start=\"344\" data-end=\"563\">4 mouchoirs bleus<\/li>\n<\/ul>\n<h3 data-section-id=\"j295zf\" data-start=\"565\" data-end=\"608\">Mouchoirs personnalisables par broderie<\/h3>\n<p data-start=\"609\" data-end=\"842\">Vous pouvez <strong data-start=\"621\" data-end=\"679\">personnaliser vos mouchoirs en tissu avec une broderie<\/strong> afin de les rendre uniques : initiales, pr\u00e9nom ou petit message. C\u2019est \u00e9galement une <strong data-start=\"765\" data-end=\"812\">excellente id\u00e9e de cadeau utile et original<\/strong>, qui fait plaisir \u00e0 coup s\u00fbr.<\/p>\n<h3 data-section-id=\"1mcw5o2\" data-start=\"844\" data-end=\"884\">Caract\u00e9ristiques du lot de mouchoirs<\/h3>\n<ul data-start=\"885\" data-end=\"1118\">\n<li data-section-id=\"5psscw\" data-start=\"885\" data-end=\"916\">\n<p data-start=\"887\" data-end=\"916\">Lot de 12 mouchoirs en tissu<\/p>\n<\/li>\n<li data-section-id=\"1nuzcud\" data-start=\"917\" data-end=\"932\">\n<p data-start=\"919\" data-end=\"932\">100 % coton<\/p>\n<\/li>\n<li data-section-id=\"1yyw83i\" data-start=\"933\" data-end=\"944\">\n<p data-start=\"935\" data-end=\"944\">81 g\/m\u00b2<\/p>\n<\/li>\n<li data-section-id=\"heerqq\" data-start=\"945\" data-end=\"968\">\n<p data-start=\"947\" data-end=\"968\">Taille : 40 \u00d7 40 cm<\/p>\n<\/li>\n<li data-section-id=\"4n52mk\" data-start=\"969\" data-end=\"1002\">\n<p data-start=\"971\" data-end=\"1002\">Liser\u00e9 sur les bords de couleurs<\/p>\n<\/li>\n<li data-section-id=\"fzzhoc\" data-start=\"1003\" data-end=\"1042\">\n<p data-start=\"1005\" data-end=\"1042\">Mouchoirs lavables et r\u00e9utilisables<\/p>\n<\/li>\n<li data-section-id=\"16n92oj\" data-start=\"1043\" data-end=\"1080\">\n<p data-start=\"1045\" data-end=\"1080\">Lavage en machine \u00e0 40 \u00b0C \/ 60 \u00b0C<\/p>\n<\/li>\n<li data-section-id=\"19e269u\" data-start=\"1081\" data-end=\"1118\">\n<p data-start=\"1083\" data-end=\"1118\">Fabriqu\u00e9s dans l\u2019Union europ\u00e9enne<\/p>\n<\/li>\n<\/ul>\n<p>\u2022 Ce produit lab\u00e9llis\u00e9 STANDARD 100 by OEKO-TEX\u00ae &#8211; certificat n\u00b0 CQ 1102\/4 IFTH suit un processus de fabrication certifi\u00e9 et contr\u00f4l\u00e9, respectueux de votre peau.<br \/>\n\u2022 Le STANDARD 100 by OEKO-TEX\u00ae est le premier label qui r\u00e9pond aux besoins des consommateurs en mati\u00e8re d\u2019\u00e9cologie humaine. Il garantit l\u2019absence, dans les articles certifi\u00e9s de substances nocives ou pouvant pr\u00e9senter un risque pour la sant\u00e9.<\/p>\n<p>A d\u00e9couvrir aussi le mouchoir <a href=\"https:\/\/linandelle.com\/fr\/produit\/lot-de-6-mouchoirs-100-coton-julien\/\">JULIEN<\/a> et <a href=\"https:\/\/linandelle.com\/fr\/produit\/lot-de-6-mouchoirs-100-coton-quentin\/\">QUENTIN<\/a><\/p>\n","protected":false},"excerpt":{"rendered":"<p>Optez pour le lot de 12 mouchoirs 100% coton VICTOR, un geste \u00e9conomique et \u00e9cologique.<\/p>\n","protected":false},"featured_media":88613,"template":"","meta":{"_et_pb_use_builder":"","_et_pb_old_content":"","_et_gb_content_width":""},"product_brand":[710],"product_cat":[325,841,27],"product_tag":[],"woo-feed-brand":[],"class_list":{"0":"post-88609","1":"product","2":"type-product","3":"status-publish","4":"has-post-thumbnail","6":"product_brand-linandelle","7":"product_cat-mouchoirs-a-broder","8":"product_cat-mouchoirs-tissus","9":"product_cat-table","10":"tm-has-options","12":"first","13":"instock","14":"sale","15":"taxable","16":"shipping-taxable","17":"purchasable","18":"product-type-simple"},"yoast_head":"<!-- This site is optimized with the Yoast SEO Premium plugin v27.4 (Yoast SEO v27.4) - https:\/\/yoast.com\/product\/yoast-seo-premium-wordpress\/ -->\n<title>Linandelle | Mouchoir homme en coton par lot de 12 VICTOR<\/title>\n<meta name=\"description\" content=\"Mouchoir homme \u00e0 personnaliser par broderie, 100% coton, 40cmx40cm. Lot de 12 mouchoirs homme avec option de personnalisation broderie.\" \/>\n<meta name=\"robots\" content=\"index, follow, max-snippet:-1, max-image-preview:large, max-video-preview:-1\" \/>\n<link rel=\"canonical\" href=\"https:\/\/linandelle.com\/fr\/produit\/lot-de-12-mouchoirs-100-coton-victor\/\" \/>\n<meta property=\"og:locale\" content=\"fr_FR\" \/>\n<meta property=\"og:type\" content=\"article\" \/>\n<meta property=\"og:title\" content=\"Linandelle | Mouchoir homme en coton par lot de 12 VICTOR\" \/>\n<meta property=\"og:description\" content=\"Mouchoir homme \u00e0 personnaliser par broderie, 100% coton, 40cmx40cm. Lot de 12 mouchoirs homme avec option de personnalisation broderie.\" \/>\n<meta property=\"og:url\" content=\"https:\/\/linandelle.com\/fr\/produit\/lot-de-12-mouchoirs-100-coton-victor\/\" \/>\n<meta property=\"og:site_name\" content=\"Linandelle\" \/>\n<meta property=\"article:publisher\" content=\"https:\/\/www.facebook.com\/Linandelle\" \/>\n<meta property=\"article:modified_time\" content=\"2026-04-22T10:33:25+00:00\" \/>\n<meta property=\"og:image\" content=\"https:\/\/linandelle.com\/wp-content\/uploads\/2026\/03\/mouchoir-victor-carree-4.jpg\" \/>\n\t<meta property=\"og:image:width\" content=\"1200\" \/>\n\t<meta property=\"og:image:height\" content=\"1200\" \/>\n\t<meta property=\"og:image:type\" content=\"image\/jpeg\" \/>\n<meta name=\"twitter:card\" content=\"summary_large_image\" \/>\n<meta name=\"twitter:label1\" content=\"Dur\u00e9e de lecture estim\u00e9e\" \/>\n\t<meta name=\"twitter:data1\" content=\"2 minutes\" \/>\n<script type=\"application\/ld+json\" class=\"yoast-schema-graph\">{\"@context\":\"https:\\\/\\\/schema.org\",\"@graph\":[{\"@type\":\"WebPage\",\"@id\":\"https:\\\/\\\/linandelle.com\\\/fr\\\/produit\\\/lot-de-12-mouchoirs-100-coton-victor\\\/\",\"url\":\"https:\\\/\\\/linandelle.com\\\/fr\\\/produit\\\/lot-de-12-mouchoirs-100-coton-victor\\\/\",\"name\":\"Linandelle | Mouchoir homme en coton par lot de 12 VICTOR\",\"isPartOf\":{\"@id\":\"https:\\\/\\\/linandelle.com\\\/fr\\\/#website\"},\"primaryImageOfPage\":{\"@id\":\"https:\\\/\\\/linandelle.com\\\/fr\\\/produit\\\/lot-de-12-mouchoirs-100-coton-victor\\\/#primaryimage\"},\"image\":{\"@id\":\"https:\\\/\\\/linandelle.com\\\/fr\\\/produit\\\/lot-de-12-mouchoirs-100-coton-victor\\\/#primaryimage\"},\"thumbnailUrl\":\"https:\\\/\\\/linandelle.com\\\/wp-content\\\/uploads\\\/2026\\\/03\\\/mouchoir-victor-carree-4.jpg\",\"datePublished\":\"2026-03-12T14:24:14+00:00\",\"dateModified\":\"2026-04-22T10:33:25+00:00\",\"description\":\"Mouchoir homme \u00e0 personnaliser par broderie, 100% coton, 40cmx40cm. Lot de 12 mouchoirs homme avec option de personnalisation broderie.\",\"breadcrumb\":{\"@id\":\"https:\\\/\\\/linandelle.com\\\/fr\\\/produit\\\/lot-de-12-mouchoirs-100-coton-victor\\\/#breadcrumb\"},\"inLanguage\":\"fr-FR\",\"potentialAction\":[{\"@type\":\"ReadAction\",\"target\":[\"https:\\\/\\\/linandelle.com\\\/fr\\\/produit\\\/lot-de-12-mouchoirs-100-coton-victor\\\/\"]}]},{\"@type\":\"ImageObject\",\"inLanguage\":\"fr-FR\",\"@id\":\"https:\\\/\\\/linandelle.com\\\/fr\\\/produit\\\/lot-de-12-mouchoirs-100-coton-victor\\\/#primaryimage\",\"url\":\"https:\\\/\\\/linandelle.com\\\/wp-content\\\/uploads\\\/2026\\\/03\\\/mouchoir-victor-carree-4.jpg\",\"contentUrl\":\"https:\\\/\\\/linandelle.com\\\/wp-content\\\/uploads\\\/2026\\\/03\\\/mouchoir-victor-carree-4.jpg\",\"width\":1200,\"height\":1200},{\"@type\":\"BreadcrumbList\",\"@id\":\"https:\\\/\\\/linandelle.com\\\/fr\\\/produit\\\/lot-de-12-mouchoirs-100-coton-victor\\\/#breadcrumb\",\"itemListElement\":[{\"@type\":\"ListItem\",\"position\":1,\"name\":\"Produits\",\"item\":\"https:\\\/\\\/linandelle.com\\\/fr\\\/shop\\\/\"},{\"@type\":\"ListItem\",\"position\":2,\"name\":\"Lot de 12 mouchoirs 100% coton VICTOR\"}]},{\"@type\":\"WebSite\",\"@id\":\"https:\\\/\\\/linandelle.com\\\/fr\\\/#website\",\"url\":\"https:\\\/\\\/linandelle.com\\\/fr\\\/\",\"name\":\"Linandelle\",\"description\":\"Linandelle, plus que du linge, l&#039;essentiel\",\"publisher\":{\"@id\":\"https:\\\/\\\/linandelle.com\\\/fr\\\/#organization\"},\"potentialAction\":[{\"@type\":\"SearchAction\",\"target\":{\"@type\":\"EntryPoint\",\"urlTemplate\":\"https:\\\/\\\/linandelle.com\\\/fr\\\/?s={search_term_string}\"},\"query-input\":{\"@type\":\"PropertyValueSpecification\",\"valueRequired\":true,\"valueName\":\"search_term_string\"}}],\"inLanguage\":\"fr-FR\"},{\"@type\":\"Organization\",\"@id\":\"https:\\\/\\\/linandelle.com\\\/fr\\\/#organization\",\"name\":\"Linandelle\",\"url\":\"https:\\\/\\\/linandelle.com\\\/fr\\\/\",\"logo\":{\"@type\":\"ImageObject\",\"inLanguage\":\"fr-FR\",\"@id\":\"https:\\\/\\\/linandelle.com\\\/fr\\\/#\\\/schema\\\/logo\\\/image\\\/\",\"url\":\"https:\\\/\\\/linandelle.com\\\/wp-content\\\/uploads\\\/2022\\\/03\\\/logo-linandelle.jpg\",\"contentUrl\":\"https:\\\/\\\/linandelle.com\\\/wp-content\\\/uploads\\\/2022\\\/03\\\/logo-linandelle.jpg\",\"width\":739,\"height\":738,\"caption\":\"Linandelle\"},\"image\":{\"@id\":\"https:\\\/\\\/linandelle.com\\\/fr\\\/#\\\/schema\\\/logo\\\/image\\\/\"},\"sameAs\":[\"https:\\\/\\\/www.facebook.com\\\/Linandelle\",\"https:\\\/\\\/www.instagram.com\\\/linandelle\\\/\",\"https:\\\/\\\/www.linkedin.com\\\/company\\\/18483801\\\/admin\\\/dashboard\\\/\",\"https:\\\/\\\/www.pinterest.fr\\\/linandelle\\\/_created\\\/\",\"https:\\\/\\\/www.youtube.com\\\/@linandellecharleval1016\"],\"email\":\"contact@linandelle.com\",\"telephone\":\"0232687800\",\"legalName\":\"SARL DU PONT DES JARDINS\",\"vatID\":\"FR27448856641\",\"taxID\":\"44885664100015\",\"numberOfEmployees\":{\"@type\":\"QuantitativeValue\",\"minValue\":\"1\",\"maxValue\":\"10\"}}]}<\/script>\n<!-- \/ Yoast SEO Premium plugin. -->","yoast_head_json":{"title":"Linandelle | Mouchoir homme en coton par lot de 12 VICTOR","description":"Mouchoir homme \u00e0 personnaliser par broderie, 100% coton, 40cmx40cm. Lot de 12 mouchoirs homme avec option de personnalisation broderie.","robots":{"index":"index","follow":"follow","max-snippet":"max-snippet:-1","max-image-preview":"max-image-preview:large","max-video-preview":"max-video-preview:-1"},"canonical":"https:\/\/linandelle.com\/fr\/produit\/lot-de-12-mouchoirs-100-coton-victor\/","og_locale":"fr_FR","og_type":"article","og_title":"Linandelle | Mouchoir homme en coton par lot de 12 VICTOR","og_description":"Mouchoir homme \u00e0 personnaliser par broderie, 100% coton, 40cmx40cm. Lot de 12 mouchoirs homme avec option de personnalisation broderie.","og_url":"https:\/\/linandelle.com\/fr\/produit\/lot-de-12-mouchoirs-100-coton-victor\/","og_site_name":"Linandelle","article_publisher":"https:\/\/www.facebook.com\/Linandelle","article_modified_time":"2026-04-22T10:33:25+00:00","og_image":[{"width":1200,"height":1200,"url":"https:\/\/linandelle.com\/wp-content\/uploads\/2026\/03\/mouchoir-victor-carree-4.jpg","type":"image\/jpeg"}],"twitter_card":"summary_large_image","twitter_misc":{"Dur\u00e9e de lecture estim\u00e9e":"2 minutes"},"schema":{"@context":"https:\/\/schema.org","@graph":[{"@type":"WebPage","@id":"https:\/\/linandelle.com\/fr\/produit\/lot-de-12-mouchoirs-100-coton-victor\/","url":"https:\/\/linandelle.com\/fr\/produit\/lot-de-12-mouchoirs-100-coton-victor\/","name":"Linandelle | Mouchoir homme en coton par lot de 12 VICTOR","isPartOf":{"@id":"https:\/\/linandelle.com\/fr\/#website"},"primaryImageOfPage":{"@id":"https:\/\/linandelle.com\/fr\/produit\/lot-de-12-mouchoirs-100-coton-victor\/#primaryimage"},"image":{"@id":"https:\/\/linandelle.com\/fr\/produit\/lot-de-12-mouchoirs-100-coton-victor\/#primaryimage"},"thumbnailUrl":"https:\/\/linandelle.com\/wp-content\/uploads\/2026\/03\/mouchoir-victor-carree-4.jpg","datePublished":"2026-03-12T14:24:14+00:00","dateModified":"2026-04-22T10:33:25+00:00","description":"Mouchoir homme \u00e0 personnaliser par broderie, 100% coton, 40cmx40cm. Lot de 12 mouchoirs homme avec option de personnalisation broderie.","breadcrumb":{"@id":"https:\/\/linandelle.com\/fr\/produit\/lot-de-12-mouchoirs-100-coton-victor\/#breadcrumb"},"inLanguage":"fr-FR","potentialAction":[{"@type":"ReadAction","target":["https:\/\/linandelle.com\/fr\/produit\/lot-de-12-mouchoirs-100-coton-victor\/"]}]},{"@type":"ImageObject","inLanguage":"fr-FR","@id":"https:\/\/linandelle.com\/fr\/produit\/lot-de-12-mouchoirs-100-coton-victor\/#primaryimage","url":"https:\/\/linandelle.com\/wp-content\/uploads\/2026\/03\/mouchoir-victor-carree-4.jpg","contentUrl":"https:\/\/linandelle.com\/wp-content\/uploads\/2026\/03\/mouchoir-victor-carree-4.jpg","width":1200,"height":1200},{"@type":"BreadcrumbList","@id":"https:\/\/linandelle.com\/fr\/produit\/lot-de-12-mouchoirs-100-coton-victor\/#breadcrumb","itemListElement":[{"@type":"ListItem","position":1,"name":"Produits","item":"https:\/\/linandelle.com\/fr\/shop\/"},{"@type":"ListItem","position":2,"name":"Lot de 12 mouchoirs 100% coton VICTOR"}]},{"@type":"WebSite","@id":"https:\/\/linandelle.com\/fr\/#website","url":"https:\/\/linandelle.com\/fr\/","name":"Linandelle","description":"Linandelle, plus que du linge, l&#039;essentiel","publisher":{"@id":"https:\/\/linandelle.com\/fr\/#organization"},"potentialAction":[{"@type":"SearchAction","target":{"@type":"EntryPoint","urlTemplate":"https:\/\/linandelle.com\/fr\/?s={search_term_string}"},"query-input":{"@type":"PropertyValueSpecification","valueRequired":true,"valueName":"search_term_string"}}],"inLanguage":"fr-FR"},{"@type":"Organization","@id":"https:\/\/linandelle.com\/fr\/#organization","name":"Linandelle","url":"https:\/\/linandelle.com\/fr\/","logo":{"@type":"ImageObject","inLanguage":"fr-FR","@id":"https:\/\/linandelle.com\/fr\/#\/schema\/logo\/image\/","url":"https:\/\/linandelle.com\/wp-content\/uploads\/2022\/03\/logo-linandelle.jpg","contentUrl":"https:\/\/linandelle.com\/wp-content\/uploads\/2022\/03\/logo-linandelle.jpg","width":739,"height":738,"caption":"Linandelle"},"image":{"@id":"https:\/\/linandelle.com\/fr\/#\/schema\/logo\/image\/"},"sameAs":["https:\/\/www.facebook.com\/Linandelle","https:\/\/www.instagram.com\/linandelle\/","https:\/\/www.linkedin.com\/company\/18483801\/admin\/dashboard\/","https:\/\/www.pinterest.fr\/linandelle\/_created\/","https:\/\/www.youtube.com\/@linandellecharleval1016"],"email":"contact@linandelle.com","telephone":"0232687800","legalName":"SARL DU PONT DES JARDINS","vatID":"FR27448856641","taxID":"44885664100015","numberOfEmployees":{"@type":"QuantitativeValue","minValue":"1","maxValue":"10"}}]}},"_links":{"self":[{"href":"https:\/\/linandelle.com\/fr\/wp-json\/wp\/v2\/product\/88609","targetHints":{"allow":["GET"]}}],"collection":[{"href":"https:\/\/linandelle.com\/fr\/wp-json\/wp\/v2\/product"}],"about":[{"href":"https:\/\/linandelle.com\/fr\/wp-json\/wp\/v2\/types\/product"}],"wp:featuredmedia":[{"embeddable":true,"href":"https:\/\/linandelle.com\/fr\/wp-json\/wp\/v2\/media\/88613"}],"wp:attachment":[{"href":"https:\/\/linandelle.com\/fr\/wp-json\/wp\/v2\/media?parent=88609"}],"wp:term":[{"taxonomy":"product_brand","embeddable":true,"href":"https:\/\/linandelle.com\/fr\/wp-json\/wp\/v2\/product_brand?post=88609"},{"taxonomy":"product_cat","embeddable":true,"href":"https:\/\/linandelle.com\/fr\/wp-json\/wp\/v2\/product_cat?post=88609"},{"taxonomy":"product_tag","embeddable":true,"href":"https:\/\/linandelle.com\/fr\/wp-json\/wp\/v2\/product_tag?post=88609"},{"taxonomy":"woo-feed-brand","embeddable":true,"href":"https:\/\/linandelle.com\/fr\/wp-json\/wp\/v2\/woo-feed-brand?post=88609"}],"curies":[{"name":"wp","href":"https:\/\/api.w.org\/{rel}","templated":true}]}}