{"id":89373,"date":"2026-04-17T14:55:28","date_gmt":"2026-04-17T12:55:28","guid":{"rendered":"https:\/\/linandelle.com\/fr\/?post_type=product&#038;p=89373"},"modified":"2026-04-21T10:54:54","modified_gmt":"2026-04-21T08:54:54","slug":"parure-lit-sophie-coton-120gm2-reversible-motifs","status":"publish","type":"product","link":"https:\/\/linandelle.com\/fr\/produit\/parure-lit-sophie-coton-120gm2-reversible-motifs\/","title":{"rendered":"Parure housse de couette imprim\u00e9s coton r\u00e9versible SOPHIE"},"content":{"rendered":"<h2><strong>Parure de lit en coton\u00a0 imprim\u00e9s \u2013 Motifs d\u00e9licats r\u00e9versibles<\/strong><\/h2>\n<p>Apportez douceur et modernit\u00e9 \u00e0 votre chambre avec la <strong>parure de lit SOPHIE en coton<\/strong>. Disponible en coloris jaune lumineux ou gris apaisant, ce mod\u00e8le s\u00e9duit par ses motifs d\u00e9licats tendances, cr\u00e9ant une ambiance \u00e9l\u00e9gante, lumineuse et chaleureuse.<\/p>\n<p>Con\u00e7ue pour allier esth\u00e9tisme et confort, la parure SOPHIE est r\u00e9alis\u00e9e \u00e0 partir d\u2019un coton de qualit\u00e9, offrant une sensation de douceur agr\u00e9able nuit apr\u00e8s nuit. Son tissage en fibres longues garantit une excellente r\u00e9sistance aux lavages tout en conservant la souplesse du tissu au fil du temps.<\/p>\n<p><strong>R\u00e9versible, elle vous permet de changer de style en un instant.<\/strong> Alternez entre le c\u00f4t\u00e9 \u00e0 motifs pour une touche d\u00e9corative et le c\u00f4t\u00e9 uni pour une ambiance plus sobre et \u00e9pur\u00e9e, selon vos envies, ou un peu d\u00e8s deux en faisant un jolie revers.<\/p>\n<p>Facile \u00e0 associer, cette parure de lit s\u2019int\u00e8gre parfaitement dans tous les styles de chambre, du plus moderne au plus cocooning.<\/p>\n<h2><strong>Caract\u00e9ristiques de la parure :<\/strong><\/h2>\n<ul>\n<li>100% coton \u2013 120 g\/m\u00b2<\/li>\n<li>Tissage en fibres longues : douceur et r\u00e9sistance<\/li>\n<li>Motifs tachet\u00e9s fins et \u00e9l\u00e9gants<\/li>\n<li>R\u00e9versible : un c\u00f4t\u00e9 imprim\u00e9, un c\u00f4t\u00e9 uni<\/li>\n<li>Coloris disponibles : jaune et gris<\/li>\n<li>Fermeture \u00e0 pressions<\/li>\n<li>Entretien : lavage \u00e0 60\u00b0C<\/li>\n<li>Fabrication Union Europ\u00e9enne<\/li>\n<li>Certifi\u00e9e norme Oeko-Tex<\/li>\n<\/ul>\n<h3><strong>Composition selon dimensions :<\/strong><\/h3>\n<ul>\n<li><strong>140 x 200 cm<\/strong> : housse de couette + 1 taie 65&#215;65<\/li>\n<li><strong>220 x 240 cm<\/strong> : housse de couette + 2 taies 65&#215;65<\/li>\n<li><strong>240 x 260 cm<\/strong> : housse de couette + 2 taies 65&#215;65<\/li>\n<\/ul>\n<h3><strong>Les + produit :<\/strong><\/h3>\n<p>R\u00e9versible, la parure SOPHIE offre la possibilit\u00e9 de cr\u00e9er deux ambiances distinctes avec un c\u00f4t\u00e9 \u00e0 motifs d\u00e9licats et un c\u00f4t\u00e9 uni plus \u00e9pur\u00e9, pour s\u2019adapter \u00e0 toutes vos envies. Confectionn\u00e9e en coton de qualit\u00e9, elle se distingue par sa douceur au toucher et sa tenue dans le temps, assurant un confort durable nuit apr\u00e8s nuit. Son design aux motifs modernes apporte une touche d\u2019\u00e9l\u00e9gance subtile, tandis que ses teintes lumineuses contribuent \u00e0 cr\u00e9er une atmosph\u00e8re chaleureuse et raffin\u00e9e dans votre chambre.<\/p>\n","protected":false},"excerpt":{"rendered":"<p>Housse de couette en coton 120 fils, avec imprim\u00e9s modernes, disponible en plusieurs coloris. Livraison rapide en 48 \u00e0 72h.<\/p>\n","protected":false},"featured_media":89393,"template":"","meta":{"_et_pb_use_builder":"","_et_pb_old_content":"","_et_gb_content_width":""},"product_brand":[710],"product_cat":[696,24,167],"product_tag":[],"woo-feed-brand":[],"class_list":{"0":"post-89373","1":"product","2":"type-product","3":"status-publish","4":"has-post-thumbnail","6":"product_brand-linandelle","7":"product_cat-nouveautes-printemps-ete","8":"product_cat-linge-de-lit","9":"product_cat-parures-de-lit","10":"tm-no-options","12":"first","13":"instock","14":"featured","15":"taxable","16":"shipping-taxable","17":"purchasable","18":"product-type-variable"},"yoast_head":"<!-- This site is optimized with the Yoast SEO Premium plugin v27.4 (Yoast SEO v27.4) - https:\/\/yoast.com\/product\/yoast-seo-premium-wordpress\/ -->\n<title>Parure de lit en coton 120 g\/m\u00b2 r\u00e9versible \u2013 Motifs modernes jaune ou gris<\/title>\n<meta name=\"description\" content=\"Parure de lit SOPHIE en coton 120 g\/m\u00b2 r\u00e9versible, motifs modernes jaune ou gris. Douce, \u00e9l\u00e9gante et durable. Livraison rapide 48\/72h.\" \/>\n<meta name=\"robots\" content=\"index, follow, max-snippet:-1, max-image-preview:large, max-video-preview:-1\" \/>\n<link rel=\"canonical\" href=\"https:\/\/linandelle.com\/fr\/produit\/parure-lit-sophie-coton-120gm2-reversible-motifs\/\" \/>\n<meta property=\"og:locale\" content=\"fr_FR\" \/>\n<meta property=\"og:type\" content=\"article\" \/>\n<meta property=\"og:title\" content=\"Parure de lit en coton 120 g\/m\u00b2 r\u00e9versible \u2013 Motifs modernes jaune ou gris\" \/>\n<meta property=\"og:description\" content=\"Parure de lit SOPHIE en coton 120 g\/m\u00b2 r\u00e9versible, motifs modernes jaune ou gris. Douce, \u00e9l\u00e9gante et durable. Livraison rapide 48\/72h.\" \/>\n<meta property=\"og:url\" content=\"https:\/\/linandelle.com\/fr\/produit\/parure-lit-sophie-coton-120gm2-reversible-motifs\/\" \/>\n<meta property=\"og:site_name\" content=\"Linandelle\" \/>\n<meta property=\"article:publisher\" content=\"https:\/\/www.facebook.com\/Linandelle\" \/>\n<meta property=\"article:modified_time\" content=\"2026-04-21T08:54:54+00:00\" \/>\n<meta property=\"og:image\" content=\"https:\/\/linandelle.com\/wp-content\/uploads\/2026\/04\/sophie-moutarde-ambiance.jpg\" \/>\n\t<meta property=\"og:image:width\" content=\"1200\" \/>\n\t<meta property=\"og:image:height\" content=\"1200\" \/>\n\t<meta property=\"og:image:type\" content=\"image\/jpeg\" \/>\n<meta name=\"twitter:card\" content=\"summary_large_image\" \/>\n<meta name=\"twitter:label1\" content=\"Dur\u00e9e de lecture estim\u00e9e\" \/>\n\t<meta name=\"twitter:data1\" content=\"2 minutes\" \/>\n<script type=\"application\/ld+json\" class=\"yoast-schema-graph\">{\"@context\":\"https:\\\/\\\/schema.org\",\"@graph\":[{\"@type\":\"WebPage\",\"@id\":\"https:\\\/\\\/linandelle.com\\\/fr\\\/produit\\\/parure-lit-sophie-coton-120gm2-reversible-motifs\\\/\",\"url\":\"https:\\\/\\\/linandelle.com\\\/fr\\\/produit\\\/parure-lit-sophie-coton-120gm2-reversible-motifs\\\/\",\"name\":\"Parure de lit en coton 120 g\\\/m\u00b2 r\u00e9versible \u2013 Motifs modernes jaune ou gris\",\"isPartOf\":{\"@id\":\"https:\\\/\\\/linandelle.com\\\/fr\\\/#website\"},\"primaryImageOfPage\":{\"@id\":\"https:\\\/\\\/linandelle.com\\\/fr\\\/produit\\\/parure-lit-sophie-coton-120gm2-reversible-motifs\\\/#primaryimage\"},\"image\":{\"@id\":\"https:\\\/\\\/linandelle.com\\\/fr\\\/produit\\\/parure-lit-sophie-coton-120gm2-reversible-motifs\\\/#primaryimage\"},\"thumbnailUrl\":\"https:\\\/\\\/linandelle.com\\\/wp-content\\\/uploads\\\/2026\\\/04\\\/sophie-moutarde-ambiance.jpg\",\"datePublished\":\"2026-04-17T12:55:28+00:00\",\"dateModified\":\"2026-04-21T08:54:54+00:00\",\"description\":\"Parure de lit SOPHIE en coton 120 g\\\/m\u00b2 r\u00e9versible, motifs modernes jaune ou gris. Douce, \u00e9l\u00e9gante et durable. Livraison rapide 48\\\/72h.\",\"breadcrumb\":{\"@id\":\"https:\\\/\\\/linandelle.com\\\/fr\\\/produit\\\/parure-lit-sophie-coton-120gm2-reversible-motifs\\\/#breadcrumb\"},\"inLanguage\":\"fr-FR\",\"potentialAction\":[{\"@type\":\"ReadAction\",\"target\":[\"https:\\\/\\\/linandelle.com\\\/fr\\\/produit\\\/parure-lit-sophie-coton-120gm2-reversible-motifs\\\/\"]}]},{\"@type\":\"ImageObject\",\"inLanguage\":\"fr-FR\",\"@id\":\"https:\\\/\\\/linandelle.com\\\/fr\\\/produit\\\/parure-lit-sophie-coton-120gm2-reversible-motifs\\\/#primaryimage\",\"url\":\"https:\\\/\\\/linandelle.com\\\/wp-content\\\/uploads\\\/2026\\\/04\\\/sophie-moutarde-ambiance.jpg\",\"contentUrl\":\"https:\\\/\\\/linandelle.com\\\/wp-content\\\/uploads\\\/2026\\\/04\\\/sophie-moutarde-ambiance.jpg\",\"width\":1200,\"height\":1200,\"caption\":\"Lit double avec parure de lit blanche \u00e0 motifs jaunes et housse de couette unie jaune, accompagn\u00e9 de deux oreillers assortis, dans une chambre lumineuse avec table de chevet en bois, lampe blanche et petite plante verte.\"},{\"@type\":\"BreadcrumbList\",\"@id\":\"https:\\\/\\\/linandelle.com\\\/fr\\\/produit\\\/parure-lit-sophie-coton-120gm2-reversible-motifs\\\/#breadcrumb\",\"itemListElement\":[{\"@type\":\"ListItem\",\"position\":1,\"name\":\"Produits\",\"item\":\"https:\\\/\\\/linandelle.com\\\/fr\\\/shop\\\/\"},{\"@type\":\"ListItem\",\"position\":2,\"name\":\"Parure housse de couette imprim\u00e9s coton r\u00e9versible SOPHIE\"}]},{\"@type\":\"WebSite\",\"@id\":\"https:\\\/\\\/linandelle.com\\\/fr\\\/#website\",\"url\":\"https:\\\/\\\/linandelle.com\\\/fr\\\/\",\"name\":\"Linandelle\",\"description\":\"Linandelle, plus que du linge, l&#039;essentiel\",\"publisher\":{\"@id\":\"https:\\\/\\\/linandelle.com\\\/fr\\\/#organization\"},\"potentialAction\":[{\"@type\":\"SearchAction\",\"target\":{\"@type\":\"EntryPoint\",\"urlTemplate\":\"https:\\\/\\\/linandelle.com\\\/fr\\\/?s={search_term_string}\"},\"query-input\":{\"@type\":\"PropertyValueSpecification\",\"valueRequired\":true,\"valueName\":\"search_term_string\"}}],\"inLanguage\":\"fr-FR\"},{\"@type\":\"Organization\",\"@id\":\"https:\\\/\\\/linandelle.com\\\/fr\\\/#organization\",\"name\":\"Linandelle\",\"url\":\"https:\\\/\\\/linandelle.com\\\/fr\\\/\",\"logo\":{\"@type\":\"ImageObject\",\"inLanguage\":\"fr-FR\",\"@id\":\"https:\\\/\\\/linandelle.com\\\/fr\\\/#\\\/schema\\\/logo\\\/image\\\/\",\"url\":\"https:\\\/\\\/linandelle.com\\\/wp-content\\\/uploads\\\/2022\\\/03\\\/logo-linandelle.jpg\",\"contentUrl\":\"https:\\\/\\\/linandelle.com\\\/wp-content\\\/uploads\\\/2022\\\/03\\\/logo-linandelle.jpg\",\"width\":739,\"height\":738,\"caption\":\"Linandelle\"},\"image\":{\"@id\":\"https:\\\/\\\/linandelle.com\\\/fr\\\/#\\\/schema\\\/logo\\\/image\\\/\"},\"sameAs\":[\"https:\\\/\\\/www.facebook.com\\\/Linandelle\",\"https:\\\/\\\/www.instagram.com\\\/linandelle\\\/\",\"https:\\\/\\\/www.linkedin.com\\\/company\\\/18483801\\\/admin\\\/dashboard\\\/\",\"https:\\\/\\\/www.pinterest.fr\\\/linandelle\\\/_created\\\/\",\"https:\\\/\\\/www.youtube.com\\\/@linandellecharleval1016\"],\"email\":\"contact@linandelle.com\",\"telephone\":\"0232687800\",\"legalName\":\"SARL DU PONT DES JARDINS\",\"vatID\":\"FR27448856641\",\"taxID\":\"44885664100015\",\"numberOfEmployees\":{\"@type\":\"QuantitativeValue\",\"minValue\":\"1\",\"maxValue\":\"10\"}}]}<\/script>\n<!-- \/ Yoast SEO Premium plugin. -->","yoast_head_json":{"title":"Parure de lit en coton 120 g\/m\u00b2 r\u00e9versible \u2013 Motifs modernes jaune ou gris","description":"Parure de lit SOPHIE en coton 120 g\/m\u00b2 r\u00e9versible, motifs modernes jaune ou gris. Douce, \u00e9l\u00e9gante et durable. Livraison rapide 48\/72h.","robots":{"index":"index","follow":"follow","max-snippet":"max-snippet:-1","max-image-preview":"max-image-preview:large","max-video-preview":"max-video-preview:-1"},"canonical":"https:\/\/linandelle.com\/fr\/produit\/parure-lit-sophie-coton-120gm2-reversible-motifs\/","og_locale":"fr_FR","og_type":"article","og_title":"Parure de lit en coton 120 g\/m\u00b2 r\u00e9versible \u2013 Motifs modernes jaune ou gris","og_description":"Parure de lit SOPHIE en coton 120 g\/m\u00b2 r\u00e9versible, motifs modernes jaune ou gris. Douce, \u00e9l\u00e9gante et durable. Livraison rapide 48\/72h.","og_url":"https:\/\/linandelle.com\/fr\/produit\/parure-lit-sophie-coton-120gm2-reversible-motifs\/","og_site_name":"Linandelle","article_publisher":"https:\/\/www.facebook.com\/Linandelle","article_modified_time":"2026-04-21T08:54:54+00:00","og_image":[{"width":1200,"height":1200,"url":"https:\/\/linandelle.com\/wp-content\/uploads\/2026\/04\/sophie-moutarde-ambiance.jpg","type":"image\/jpeg"}],"twitter_card":"summary_large_image","twitter_misc":{"Dur\u00e9e de lecture estim\u00e9e":"2 minutes"},"schema":{"@context":"https:\/\/schema.org","@graph":[{"@type":"WebPage","@id":"https:\/\/linandelle.com\/fr\/produit\/parure-lit-sophie-coton-120gm2-reversible-motifs\/","url":"https:\/\/linandelle.com\/fr\/produit\/parure-lit-sophie-coton-120gm2-reversible-motifs\/","name":"Parure de lit en coton 120 g\/m\u00b2 r\u00e9versible \u2013 Motifs modernes jaune ou gris","isPartOf":{"@id":"https:\/\/linandelle.com\/fr\/#website"},"primaryImageOfPage":{"@id":"https:\/\/linandelle.com\/fr\/produit\/parure-lit-sophie-coton-120gm2-reversible-motifs\/#primaryimage"},"image":{"@id":"https:\/\/linandelle.com\/fr\/produit\/parure-lit-sophie-coton-120gm2-reversible-motifs\/#primaryimage"},"thumbnailUrl":"https:\/\/linandelle.com\/wp-content\/uploads\/2026\/04\/sophie-moutarde-ambiance.jpg","datePublished":"2026-04-17T12:55:28+00:00","dateModified":"2026-04-21T08:54:54+00:00","description":"Parure de lit SOPHIE en coton 120 g\/m\u00b2 r\u00e9versible, motifs modernes jaune ou gris. Douce, \u00e9l\u00e9gante et durable. Livraison rapide 48\/72h.","breadcrumb":{"@id":"https:\/\/linandelle.com\/fr\/produit\/parure-lit-sophie-coton-120gm2-reversible-motifs\/#breadcrumb"},"inLanguage":"fr-FR","potentialAction":[{"@type":"ReadAction","target":["https:\/\/linandelle.com\/fr\/produit\/parure-lit-sophie-coton-120gm2-reversible-motifs\/"]}]},{"@type":"ImageObject","inLanguage":"fr-FR","@id":"https:\/\/linandelle.com\/fr\/produit\/parure-lit-sophie-coton-120gm2-reversible-motifs\/#primaryimage","url":"https:\/\/linandelle.com\/wp-content\/uploads\/2026\/04\/sophie-moutarde-ambiance.jpg","contentUrl":"https:\/\/linandelle.com\/wp-content\/uploads\/2026\/04\/sophie-moutarde-ambiance.jpg","width":1200,"height":1200,"caption":"Lit double avec parure de lit blanche \u00e0 motifs jaunes et housse de couette unie jaune, accompagn\u00e9 de deux oreillers assortis, dans une chambre lumineuse avec table de chevet en bois, lampe blanche et petite plante verte."},{"@type":"BreadcrumbList","@id":"https:\/\/linandelle.com\/fr\/produit\/parure-lit-sophie-coton-120gm2-reversible-motifs\/#breadcrumb","itemListElement":[{"@type":"ListItem","position":1,"name":"Produits","item":"https:\/\/linandelle.com\/fr\/shop\/"},{"@type":"ListItem","position":2,"name":"Parure housse de couette imprim\u00e9s coton r\u00e9versible SOPHIE"}]},{"@type":"WebSite","@id":"https:\/\/linandelle.com\/fr\/#website","url":"https:\/\/linandelle.com\/fr\/","name":"Linandelle","description":"Linandelle, plus que du linge, l&#039;essentiel","publisher":{"@id":"https:\/\/linandelle.com\/fr\/#organization"},"potentialAction":[{"@type":"SearchAction","target":{"@type":"EntryPoint","urlTemplate":"https:\/\/linandelle.com\/fr\/?s={search_term_string}"},"query-input":{"@type":"PropertyValueSpecification","valueRequired":true,"valueName":"search_term_string"}}],"inLanguage":"fr-FR"},{"@type":"Organization","@id":"https:\/\/linandelle.com\/fr\/#organization","name":"Linandelle","url":"https:\/\/linandelle.com\/fr\/","logo":{"@type":"ImageObject","inLanguage":"fr-FR","@id":"https:\/\/linandelle.com\/fr\/#\/schema\/logo\/image\/","url":"https:\/\/linandelle.com\/wp-content\/uploads\/2022\/03\/logo-linandelle.jpg","contentUrl":"https:\/\/linandelle.com\/wp-content\/uploads\/2022\/03\/logo-linandelle.jpg","width":739,"height":738,"caption":"Linandelle"},"image":{"@id":"https:\/\/linandelle.com\/fr\/#\/schema\/logo\/image\/"},"sameAs":["https:\/\/www.facebook.com\/Linandelle","https:\/\/www.instagram.com\/linandelle\/","https:\/\/www.linkedin.com\/company\/18483801\/admin\/dashboard\/","https:\/\/www.pinterest.fr\/linandelle\/_created\/","https:\/\/www.youtube.com\/@linandellecharleval1016"],"email":"contact@linandelle.com","telephone":"0232687800","legalName":"SARL DU PONT DES JARDINS","vatID":"FR27448856641","taxID":"44885664100015","numberOfEmployees":{"@type":"QuantitativeValue","minValue":"1","maxValue":"10"}}]}},"_links":{"self":[{"href":"https:\/\/linandelle.com\/fr\/wp-json\/wp\/v2\/product\/89373","targetHints":{"allow":["GET"]}}],"collection":[{"href":"https:\/\/linandelle.com\/fr\/wp-json\/wp\/v2\/product"}],"about":[{"href":"https:\/\/linandelle.com\/fr\/wp-json\/wp\/v2\/types\/product"}],"wp:featuredmedia":[{"embeddable":true,"href":"https:\/\/linandelle.com\/fr\/wp-json\/wp\/v2\/media\/89393"}],"wp:attachment":[{"href":"https:\/\/linandelle.com\/fr\/wp-json\/wp\/v2\/media?parent=89373"}],"wp:term":[{"taxonomy":"product_brand","embeddable":true,"href":"https:\/\/linandelle.com\/fr\/wp-json\/wp\/v2\/product_brand?post=89373"},{"taxonomy":"product_cat","embeddable":true,"href":"https:\/\/linandelle.com\/fr\/wp-json\/wp\/v2\/product_cat?post=89373"},{"taxonomy":"product_tag","embeddable":true,"href":"https:\/\/linandelle.com\/fr\/wp-json\/wp\/v2\/product_tag?post=89373"},{"taxonomy":"woo-feed-brand","embeddable":true,"href":"https:\/\/linandelle.com\/fr\/wp-json\/wp\/v2\/woo-feed-brand?post=89373"}],"curies":[{"name":"wp","href":"https:\/\/api.w.org\/{rel}","templated":true}]}}