{"id":9945,"date":"2021-07-13T15:52:31","date_gmt":"2021-07-13T13:52:31","guid":{"rendered":"https:\/\/linandelle.com\/produit\/peignoir-enfant-a-capuche-coloris-vert-pistache-cocoon\/"},"modified":"2026-04-21T15:11:07","modified_gmt":"2026-04-21T13:11:07","slug":"peignoir-coton-bouclette-eponge-enfant-cocoon","status":"publish","type":"product","link":"https:\/\/linandelle.com\/fr\/produit\/peignoir-coton-bouclette-eponge-enfant-cocoon\/","title":{"rendered":"Peignoir enfant capuche en coton bouclette \u00e9ponge COCOON"},"content":{"rendered":"<h5><strong>Peignoir coton \u00e9ponge <\/strong><strong>enfant Cocoon<\/strong><\/h5>\n<p>Peignoir \u00e0 capuche pour enfant en bouclette \u00e9ponge douce, confortable et enveloppant.<\/p>\n<p>Vous pouvez matcher le peignoir <a href=\"https:\/\/linandelle.com\/fr\/produit\/peignoir-coton-bouclette-eponge-enfant-cocoon\/\">enfant<\/a> <a href=\"https:\/\/linandelle.com\/fr\/produit\/peignoir-coton-bouclette-eponge-enfant-cocoon\/\">Cocoon<\/a> avec le peignoir <a href=\"https:\/\/linandelle.com\/fr\/produit\/peignoir-mixte-coton-bouclette-a-capuche-cocooning\/\">adulte Cocooning<\/a>.<\/p>\n<p>Petit et grand seront assortis.<\/p>\n<p>La sortie de bain Cocoon, est tr\u00e8s pratique gr\u00e2ce \u00e0 sa capuche, ce qui permettra \u00e0 l\u2019enfant de rester au chaud.<\/p>\n<p>S\u00e8che rapidement.<\/p>\n<p>Choix de couleur multiples, pour enfants et ados.<\/p>\n<p>Personnalisable par une broderie.<\/p>\n<p>Livraison rapide, 48 \u00e0 72H.<\/p>\n<h5><strong>Caract\u00e9ristique de la sortie de bain COCOON<\/strong><\/h5>\n<ul>\n<li>100% coton, 420gr\/m2<\/li>\n<li>Pratique avec ses deux grandes poches, il ou elle aimera le porter toute la journ\u00e9e.<\/li>\n<li>Capuche<\/li>\n<li>La sortie de bain est fabriqu\u00e9e du 4 au 14 ans.<\/li>\n<li>Marque Linandelle<\/li>\n<li>Fabriqu\u00e9 en U.E<\/li>\n<li>Lavable en machine \u00e0 60\u00b0.<\/li>\n<li>Norme Oeko Tex<\/li>\n<\/ul>\n<h5><strong>Guides de tailles :<\/strong><\/h5>\n<table class=\" alignleft\" style=\"height: 411px; width: 356px;\" width=\"470\">\n<tbody>\n<tr style=\"height: 127px;\">\n<td style=\"width: 68px; height: 127px; text-align: center;\">Taille<\/td>\n<td style=\"width: 95.5833px; height: 127px;\">Longueur du peignoir<\/td>\n<td style=\"width: 72.8333px; height: 127px;\">Poitrine (Aisselle \u00e0 aisselle)<\/td>\n<td style=\"width: 95.5833px; height: 127px;\">\n<p style=\"text-align: center;\">Longueur des manches<\/p>\n<\/td>\n<\/tr>\n<tr style=\"height: 51px;\">\n<td style=\"width: 68px; height: 51px;\">4ans<\/td>\n<td style=\"width: 95.5833px; height: 51px;\">67 cm<\/td>\n<td style=\"width: 72.8333px; height: 51px;\">38cm<\/td>\n<td style=\"width: 95.5833px; height: 51px;\">34cm<\/td>\n<\/tr>\n<tr style=\"height: 51px;\">\n<td style=\"width: 68px; height: 51px;\">6ans<\/td>\n<td style=\"width: 95.5833px; height: 51px;\">77 cm<\/td>\n<td style=\"width: 72.8333px; height: 51px;\">42cm<\/td>\n<td style=\"width: 95.5833px; height: 51px;\">39cm<\/td>\n<\/tr>\n<tr style=\"height: 51px;\">\n<td style=\"width: 68px; height: 51px;\">8ans<\/td>\n<td style=\"width: 95.5833px; height: 51px;\">86 cm<\/td>\n<td style=\"width: 72.8333px; height: 51px;\">45cm<\/td>\n<td style=\"width: 95.5833px; height: 51px;\">42cm<\/td>\n<\/tr>\n<tr style=\"height: 51px;\">\n<td style=\"width: 68px; height: 51px;\">10ans<\/td>\n<td style=\"width: 95.5833px; height: 51px;\">91 cm<\/td>\n<td style=\"width: 72.8333px; height: 51px;\">46cm<\/td>\n<td style=\"width: 95.5833px; height: 51px;\">44cm<\/td>\n<\/tr>\n<tr style=\"height: 51px;\">\n<td style=\"width: 68px; height: 51px;\">12ans<\/td>\n<td style=\"width: 95.5833px; height: 51px;\">99 cm<\/td>\n<td style=\"width: 72.8333px; height: 51px;\">48cm<\/td>\n<td style=\"width: 95.5833px; height: 51px;\">46cm<\/td>\n<\/tr>\n<tr style=\"height: 46px;\">\n<td style=\"width: 68px; height: 46px;\">14ans<\/td>\n<td style=\"width: 95.5833px; height: 46px;\">104 cm<\/td>\n<td style=\"width: 72.8333px; height: 46px;\">51c\u00f9<\/td>\n<td style=\"width: 95.5833px; height: 46px;\">48cm<\/td>\n<\/tr>\n<\/tbody>\n<\/table>\n<p>&nbsp;<\/p>\n<p>&nbsp;<\/p>\n<p>&nbsp;<\/p>\n<p>&nbsp;<\/p>\n<p>&nbsp;<\/p>\n<p>&nbsp;<\/p>\n<p>&nbsp;<\/p>\n<p>&nbsp;<\/p>\n<p>&nbsp;<\/p>\n<p>&nbsp;<\/p>\n<p>&nbsp;<\/p>\n<p>&nbsp;<\/p>\n<p>Il est conseill\u00e9 de laisser tremper quelques heures \u00e0 l&rsquo;eau froide pr\u00e9alablement.Ce produit lab\u00e9llis\u00e9 STANDARD 100 by OEKO-TEX\u00ae &#8211; certificat n\u00b0 CQ 1102\/4 IFTH suit un processus de fabrication certifi\u00e9 et contr\u00f4l\u00e9, respectueux de votre peau<\/p>\n<p>e STANDARD 100 by OEKO-TEX\u00ae est le premier label qui r\u00e9pond aux besoins des consommateurs en mati\u00e8re d\u2019\u00e9cologie humaine. Il garantit l\u2019absence, dans les articles certifi\u00e9s de substances nocives ou pouvant pr\u00e9senter un risque pour la sant\u00e9\u00bb<\/p>\n<p>En savoir plus\u00a0:<\/p>\n<p>&#8211; Peignoir enfant \u00e9ponge douce<\/p>\n<p>&#8211; Capuche<\/p>\n<p>&#8211; Solide \u00e0 l&rsquo;usage et au lavage<\/p>\n<p>&#8211; 100% coton<\/p>\n<p>&#8211; Fabriqu\u00e9 en UE. Oeko Tex.<\/p>\n<p>&nbsp;<\/p>\n<p>&nbsp;<\/p>\n<p>&nbsp;<\/p>\n<p>&nbsp;<\/p>\n","protected":false},"excerpt":{"rendered":"<p>D\u00e9couvrez notre peignoir \u00e0 capuche 100% coton, disponible en plusieurs coloris, personnalisable par une broderie, livraison 48 \u00e0 72H.<\/p>\n","protected":false},"featured_media":74911,"template":"","meta":{"_et_pb_use_builder":"","_et_pb_old_content":"","_et_gb_content_width":""},"product_brand":[710],"product_cat":[318,357,708],"product_tag":[],"woo-feed-brand":[],"class_list":{"0":"post-9945","1":"product","2":"type-product","3":"status-publish","4":"has-post-thumbnail","6":"product_brand-linandelle","7":"product_cat-enfants","8":"product_cat-peignoirs-enfants-et-ados","9":"product_cat-selection-rentree","10":"tm-has-options","12":"first","13":"instock","14":"featured","15":"taxable","16":"shipping-taxable","17":"purchasable","18":"product-type-variable"},"yoast_head":"<!-- This site is optimized with the Yoast SEO Premium plugin v27.4 (Yoast SEO v27.4) - https:\/\/yoast.com\/product\/yoast-seo-premium-wordpress\/ -->\n<title>Peignoir enfant capuche en coton bouclette \u00e9ponge COCOON<\/title>\n<meta name=\"description\" content=\"Sortie de bain personnalisable avec broderie, pour enfant, avec capuche. Disponible du 4 au 14 ans, en bouclette \u00e9ponge 420gr\/m2. Compos\u00e9 en 100% coton.\" \/>\n<meta name=\"robots\" content=\"index, follow, max-snippet:-1, max-image-preview:large, max-video-preview:-1\" \/>\n<link rel=\"canonical\" href=\"https:\/\/linandelle.com\/fr\/produit\/peignoir-coton-bouclette-eponge-enfant-cocoon\/\" \/>\n<meta property=\"og:locale\" content=\"fr_FR\" \/>\n<meta property=\"og:type\" content=\"article\" \/>\n<meta property=\"og:title\" content=\"Peignoir enfant capuche en coton bouclette \u00e9ponge COCOON\" \/>\n<meta property=\"og:description\" content=\"Sortie de bain personnalisable avec broderie, pour enfant, avec capuche. Disponible du 4 au 14 ans, en bouclette \u00e9ponge 420gr\/m2. Compos\u00e9 en 100% coton.\" \/>\n<meta property=\"og:url\" content=\"https:\/\/linandelle.com\/fr\/produit\/peignoir-coton-bouclette-eponge-enfant-cocoon\/\" \/>\n<meta property=\"og:site_name\" content=\"Linandelle\" \/>\n<meta property=\"article:publisher\" content=\"https:\/\/www.facebook.com\/Linandelle\" \/>\n<meta property=\"article:modified_time\" content=\"2026-04-21T13:11:07+00:00\" \/>\n<meta property=\"og:image\" content=\"https:\/\/linandelle.com\/wp-content\/uploads\/2021\/07\/linandelle_-30-1.jpg\" \/>\n\t<meta property=\"og:image:width\" content=\"1200\" \/>\n\t<meta property=\"og:image:height\" content=\"1200\" \/>\n\t<meta property=\"og:image:type\" content=\"image\/jpeg\" \/>\n<meta name=\"twitter:card\" content=\"summary_large_image\" \/>\n<meta name=\"twitter:label1\" content=\"Dur\u00e9e de lecture estim\u00e9e\" \/>\n\t<meta name=\"twitter:data1\" content=\"2 minutes\" \/>\n<script type=\"application\/ld+json\" class=\"yoast-schema-graph\">{\"@context\":\"https:\\\/\\\/schema.org\",\"@graph\":[{\"@type\":\"WebPage\",\"@id\":\"https:\\\/\\\/linandelle.com\\\/fr\\\/produit\\\/peignoir-coton-bouclette-eponge-enfant-cocoon\\\/\",\"url\":\"https:\\\/\\\/linandelle.com\\\/fr\\\/produit\\\/peignoir-coton-bouclette-eponge-enfant-cocoon\\\/\",\"name\":\"Peignoir enfant capuche en coton bouclette \u00e9ponge COCOON\",\"isPartOf\":{\"@id\":\"https:\\\/\\\/linandelle.com\\\/fr\\\/#website\"},\"primaryImageOfPage\":{\"@id\":\"https:\\\/\\\/linandelle.com\\\/fr\\\/produit\\\/peignoir-coton-bouclette-eponge-enfant-cocoon\\\/#primaryimage\"},\"image\":{\"@id\":\"https:\\\/\\\/linandelle.com\\\/fr\\\/produit\\\/peignoir-coton-bouclette-eponge-enfant-cocoon\\\/#primaryimage\"},\"thumbnailUrl\":\"https:\\\/\\\/linandelle.com\\\/wp-content\\\/uploads\\\/2021\\\/07\\\/linandelle_-30-1.jpg\",\"datePublished\":\"2021-07-13T13:52:31+00:00\",\"dateModified\":\"2026-04-21T13:11:07+00:00\",\"description\":\"Sortie de bain personnalisable avec broderie, pour enfant, avec capuche. Disponible du 4 au 14 ans, en bouclette \u00e9ponge 420gr\\\/m2. Compos\u00e9 en 100% coton.\",\"breadcrumb\":{\"@id\":\"https:\\\/\\\/linandelle.com\\\/fr\\\/produit\\\/peignoir-coton-bouclette-eponge-enfant-cocoon\\\/#breadcrumb\"},\"inLanguage\":\"fr-FR\",\"potentialAction\":[{\"@type\":\"ReadAction\",\"target\":[\"https:\\\/\\\/linandelle.com\\\/fr\\\/produit\\\/peignoir-coton-bouclette-eponge-enfant-cocoon\\\/\"]}]},{\"@type\":\"ImageObject\",\"inLanguage\":\"fr-FR\",\"@id\":\"https:\\\/\\\/linandelle.com\\\/fr\\\/produit\\\/peignoir-coton-bouclette-eponge-enfant-cocoon\\\/#primaryimage\",\"url\":\"https:\\\/\\\/linandelle.com\\\/wp-content\\\/uploads\\\/2021\\\/07\\\/linandelle_-30-1.jpg\",\"contentUrl\":\"https:\\\/\\\/linandelle.com\\\/wp-content\\\/uploads\\\/2021\\\/07\\\/linandelle_-30-1.jpg\",\"width\":1200,\"height\":1200},{\"@type\":\"BreadcrumbList\",\"@id\":\"https:\\\/\\\/linandelle.com\\\/fr\\\/produit\\\/peignoir-coton-bouclette-eponge-enfant-cocoon\\\/#breadcrumb\",\"itemListElement\":[{\"@type\":\"ListItem\",\"position\":1,\"name\":\"Produits\",\"item\":\"https:\\\/\\\/linandelle.com\\\/fr\\\/shop\\\/\"},{\"@type\":\"ListItem\",\"position\":2,\"name\":\"Peignoir enfant capuche en coton bouclette \u00e9ponge COCOON\"}]},{\"@type\":\"WebSite\",\"@id\":\"https:\\\/\\\/linandelle.com\\\/fr\\\/#website\",\"url\":\"https:\\\/\\\/linandelle.com\\\/fr\\\/\",\"name\":\"Linandelle\",\"description\":\"Linandelle, plus que du linge, l&#039;essentiel\",\"publisher\":{\"@id\":\"https:\\\/\\\/linandelle.com\\\/fr\\\/#organization\"},\"potentialAction\":[{\"@type\":\"SearchAction\",\"target\":{\"@type\":\"EntryPoint\",\"urlTemplate\":\"https:\\\/\\\/linandelle.com\\\/fr\\\/?s={search_term_string}\"},\"query-input\":{\"@type\":\"PropertyValueSpecification\",\"valueRequired\":true,\"valueName\":\"search_term_string\"}}],\"inLanguage\":\"fr-FR\"},{\"@type\":\"Organization\",\"@id\":\"https:\\\/\\\/linandelle.com\\\/fr\\\/#organization\",\"name\":\"Linandelle\",\"url\":\"https:\\\/\\\/linandelle.com\\\/fr\\\/\",\"logo\":{\"@type\":\"ImageObject\",\"inLanguage\":\"fr-FR\",\"@id\":\"https:\\\/\\\/linandelle.com\\\/fr\\\/#\\\/schema\\\/logo\\\/image\\\/\",\"url\":\"https:\\\/\\\/linandelle.com\\\/wp-content\\\/uploads\\\/2022\\\/03\\\/logo-linandelle.jpg\",\"contentUrl\":\"https:\\\/\\\/linandelle.com\\\/wp-content\\\/uploads\\\/2022\\\/03\\\/logo-linandelle.jpg\",\"width\":739,\"height\":738,\"caption\":\"Linandelle\"},\"image\":{\"@id\":\"https:\\\/\\\/linandelle.com\\\/fr\\\/#\\\/schema\\\/logo\\\/image\\\/\"},\"sameAs\":[\"https:\\\/\\\/www.facebook.com\\\/Linandelle\",\"https:\\\/\\\/www.instagram.com\\\/linandelle\\\/\",\"https:\\\/\\\/www.linkedin.com\\\/company\\\/18483801\\\/admin\\\/dashboard\\\/\",\"https:\\\/\\\/www.pinterest.fr\\\/linandelle\\\/_created\\\/\",\"https:\\\/\\\/www.youtube.com\\\/@linandellecharleval1016\"],\"email\":\"contact@linandelle.com\",\"telephone\":\"0232687800\",\"legalName\":\"SARL DU PONT DES JARDINS\",\"vatID\":\"FR27448856641\",\"taxID\":\"44885664100015\",\"numberOfEmployees\":{\"@type\":\"QuantitativeValue\",\"minValue\":\"1\",\"maxValue\":\"10\"}}]}<\/script>\n<!-- \/ Yoast SEO Premium plugin. -->","yoast_head_json":{"title":"Peignoir enfant capuche en coton bouclette \u00e9ponge COCOON","description":"Sortie de bain personnalisable avec broderie, pour enfant, avec capuche. Disponible du 4 au 14 ans, en bouclette \u00e9ponge 420gr\/m2. Compos\u00e9 en 100% coton.","robots":{"index":"index","follow":"follow","max-snippet":"max-snippet:-1","max-image-preview":"max-image-preview:large","max-video-preview":"max-video-preview:-1"},"canonical":"https:\/\/linandelle.com\/fr\/produit\/peignoir-coton-bouclette-eponge-enfant-cocoon\/","og_locale":"fr_FR","og_type":"article","og_title":"Peignoir enfant capuche en coton bouclette \u00e9ponge COCOON","og_description":"Sortie de bain personnalisable avec broderie, pour enfant, avec capuche. Disponible du 4 au 14 ans, en bouclette \u00e9ponge 420gr\/m2. Compos\u00e9 en 100% coton.","og_url":"https:\/\/linandelle.com\/fr\/produit\/peignoir-coton-bouclette-eponge-enfant-cocoon\/","og_site_name":"Linandelle","article_publisher":"https:\/\/www.facebook.com\/Linandelle","article_modified_time":"2026-04-21T13:11:07+00:00","og_image":[{"width":1200,"height":1200,"url":"https:\/\/linandelle.com\/wp-content\/uploads\/2021\/07\/linandelle_-30-1.jpg","type":"image\/jpeg"}],"twitter_card":"summary_large_image","twitter_misc":{"Dur\u00e9e de lecture estim\u00e9e":"2 minutes"},"schema":{"@context":"https:\/\/schema.org","@graph":[{"@type":"WebPage","@id":"https:\/\/linandelle.com\/fr\/produit\/peignoir-coton-bouclette-eponge-enfant-cocoon\/","url":"https:\/\/linandelle.com\/fr\/produit\/peignoir-coton-bouclette-eponge-enfant-cocoon\/","name":"Peignoir enfant capuche en coton bouclette \u00e9ponge COCOON","isPartOf":{"@id":"https:\/\/linandelle.com\/fr\/#website"},"primaryImageOfPage":{"@id":"https:\/\/linandelle.com\/fr\/produit\/peignoir-coton-bouclette-eponge-enfant-cocoon\/#primaryimage"},"image":{"@id":"https:\/\/linandelle.com\/fr\/produit\/peignoir-coton-bouclette-eponge-enfant-cocoon\/#primaryimage"},"thumbnailUrl":"https:\/\/linandelle.com\/wp-content\/uploads\/2021\/07\/linandelle_-30-1.jpg","datePublished":"2021-07-13T13:52:31+00:00","dateModified":"2026-04-21T13:11:07+00:00","description":"Sortie de bain personnalisable avec broderie, pour enfant, avec capuche. Disponible du 4 au 14 ans, en bouclette \u00e9ponge 420gr\/m2. Compos\u00e9 en 100% coton.","breadcrumb":{"@id":"https:\/\/linandelle.com\/fr\/produit\/peignoir-coton-bouclette-eponge-enfant-cocoon\/#breadcrumb"},"inLanguage":"fr-FR","potentialAction":[{"@type":"ReadAction","target":["https:\/\/linandelle.com\/fr\/produit\/peignoir-coton-bouclette-eponge-enfant-cocoon\/"]}]},{"@type":"ImageObject","inLanguage":"fr-FR","@id":"https:\/\/linandelle.com\/fr\/produit\/peignoir-coton-bouclette-eponge-enfant-cocoon\/#primaryimage","url":"https:\/\/linandelle.com\/wp-content\/uploads\/2021\/07\/linandelle_-30-1.jpg","contentUrl":"https:\/\/linandelle.com\/wp-content\/uploads\/2021\/07\/linandelle_-30-1.jpg","width":1200,"height":1200},{"@type":"BreadcrumbList","@id":"https:\/\/linandelle.com\/fr\/produit\/peignoir-coton-bouclette-eponge-enfant-cocoon\/#breadcrumb","itemListElement":[{"@type":"ListItem","position":1,"name":"Produits","item":"https:\/\/linandelle.com\/fr\/shop\/"},{"@type":"ListItem","position":2,"name":"Peignoir enfant capuche en coton bouclette \u00e9ponge COCOON"}]},{"@type":"WebSite","@id":"https:\/\/linandelle.com\/fr\/#website","url":"https:\/\/linandelle.com\/fr\/","name":"Linandelle","description":"Linandelle, plus que du linge, l&#039;essentiel","publisher":{"@id":"https:\/\/linandelle.com\/fr\/#organization"},"potentialAction":[{"@type":"SearchAction","target":{"@type":"EntryPoint","urlTemplate":"https:\/\/linandelle.com\/fr\/?s={search_term_string}"},"query-input":{"@type":"PropertyValueSpecification","valueRequired":true,"valueName":"search_term_string"}}],"inLanguage":"fr-FR"},{"@type":"Organization","@id":"https:\/\/linandelle.com\/fr\/#organization","name":"Linandelle","url":"https:\/\/linandelle.com\/fr\/","logo":{"@type":"ImageObject","inLanguage":"fr-FR","@id":"https:\/\/linandelle.com\/fr\/#\/schema\/logo\/image\/","url":"https:\/\/linandelle.com\/wp-content\/uploads\/2022\/03\/logo-linandelle.jpg","contentUrl":"https:\/\/linandelle.com\/wp-content\/uploads\/2022\/03\/logo-linandelle.jpg","width":739,"height":738,"caption":"Linandelle"},"image":{"@id":"https:\/\/linandelle.com\/fr\/#\/schema\/logo\/image\/"},"sameAs":["https:\/\/www.facebook.com\/Linandelle","https:\/\/www.instagram.com\/linandelle\/","https:\/\/www.linkedin.com\/company\/18483801\/admin\/dashboard\/","https:\/\/www.pinterest.fr\/linandelle\/_created\/","https:\/\/www.youtube.com\/@linandellecharleval1016"],"email":"contact@linandelle.com","telephone":"0232687800","legalName":"SARL DU PONT DES JARDINS","vatID":"FR27448856641","taxID":"44885664100015","numberOfEmployees":{"@type":"QuantitativeValue","minValue":"1","maxValue":"10"}}]}},"_links":{"self":[{"href":"https:\/\/linandelle.com\/fr\/wp-json\/wp\/v2\/product\/9945","targetHints":{"allow":["GET"]}}],"collection":[{"href":"https:\/\/linandelle.com\/fr\/wp-json\/wp\/v2\/product"}],"about":[{"href":"https:\/\/linandelle.com\/fr\/wp-json\/wp\/v2\/types\/product"}],"wp:featuredmedia":[{"embeddable":true,"href":"https:\/\/linandelle.com\/fr\/wp-json\/wp\/v2\/media\/74911"}],"wp:attachment":[{"href":"https:\/\/linandelle.com\/fr\/wp-json\/wp\/v2\/media?parent=9945"}],"wp:term":[{"taxonomy":"product_brand","embeddable":true,"href":"https:\/\/linandelle.com\/fr\/wp-json\/wp\/v2\/product_brand?post=9945"},{"taxonomy":"product_cat","embeddable":true,"href":"https:\/\/linandelle.com\/fr\/wp-json\/wp\/v2\/product_cat?post=9945"},{"taxonomy":"product_tag","embeddable":true,"href":"https:\/\/linandelle.com\/fr\/wp-json\/wp\/v2\/product_tag?post=9945"},{"taxonomy":"woo-feed-brand","embeddable":true,"href":"https:\/\/linandelle.com\/fr\/wp-json\/wp\/v2\/woo-feed-brand?post=9945"}],"curies":[{"name":"wp","href":"https:\/\/api.w.org\/{rel}","templated":true}]}}